{"id":5705,"date":"2020-08-12T09:51:40","date_gmt":"2020-08-12T07:51:40","guid":{"rendered":"https:\/\/selder.com\/technology\/"},"modified":"2023-02-08T20:51:19","modified_gmt":"2023-02-08T19:51:19","slug":"technology","status":"publish","type":"page","link":"https:\/\/selder.com\/en\/technology\/","title":{"rendered":"Technology"},"content":{"rendered":"\n<div class=\"wp-block-cover alignfull is-light\" style=\"min-height:350px;aspect-ratio:unset;\"><span aria-hidden=\"true\" class=\"has-black-background-color has-background-dim-20 wp-block-cover__gradient-background has-background-dim\"><\/span><img fetchpriority=\"high\" decoding=\"async\" width=\"1400\" height=\"933\" class=\"wp-block-cover__image-background wp-image-5503\" alt=\"Linolja och linoljef\u00e4rg bild p\u00e5 f\u00e4lt med linfr\u00f6blommor\" src=\"https:\/\/selderco.com\/wp-content\/uploads\/2022\/09\/linfroblommor-falt-ska-bli-linolja.jpg\" style=\"object-position:51% 33%\" data-object-fit=\"cover\" data-object-position=\"51% 33%\" srcset=\"https:\/\/selder.com\/wp-content\/uploads\/2022\/09\/linfroblommor-falt-ska-bli-linolja.jpg 1400w, https:\/\/selder.com\/wp-content\/uploads\/2022\/09\/linfroblommor-falt-ska-bli-linolja-300x200.jpg 300w, https:\/\/selder.com\/wp-content\/uploads\/2022\/09\/linfroblommor-falt-ska-bli-linolja-600x400.jpg 600w\" sizes=\"(max-width: 1400px) 100vw, 1400px\" \/><div class=\"wp-block-cover__inner-container is-layout-flow wp-block-cover-is-layout-flow\">\n<h1 class=\"alignwide has-text-align-left has-white-color has-text-color wp-block-heading\">Technology<\/h1>\n\n\n\n<div class=\"wp-block-group alignwide is-layout-flow wp-block-group-is-layout-flow\">\n<p class=\"has-text-align-left has-white-color has-text-color\">Read more about the technology behind Selder &amp; Company&#8217;s high-quality linseed oil<\/p>\n<\/div>\n<\/div><\/div>\n\n\n\n<div style=\"height:40px\" aria-hidden=\"true\" class=\"wp-block-spacer\"><\/div>\n\n\n\n<div class=\"wp-block-group alignwide is-layout-flow wp-block-group-is-layout-flow\">\n<h2 class=\"wp-block-heading\"><strong>Refinement of linseed oil<\/strong><\/h2>\n\n\n\n<p>We refine linseed oil using modern production methods that we have developed on the basis of classic refining technology. Watch the video below where Mikkel tells more about Selder&#8217;s linseed oil.<\/p>\n\n\n\n<div class=\"wp-block-image\"><figure class=\"alignleft size-large\"><a href=\"https:\/\/www.youtube.com\/watch?v=HXLoO7_UiPc&amp;amp;t=7s\" target=\"_blank\" rel=\"nofollow noopener\"><img decoding=\"async\" width=\"1100\" height=\"645\" src=\"https:\/\/selder.com\/wp-content\/uploads\/2022\/09\/teknik-linolja-video.png\" alt=\"Watch our video on refined linseed oil.\" class=\"wp-image-4192\" srcset=\"https:\/\/selder.com\/wp-content\/uploads\/2022\/09\/teknik-linolja-video.png 1100w, https:\/\/selder.com\/wp-content\/uploads\/2022\/09\/teknik-linolja-video-300x176.png 300w, https:\/\/selder.com\/wp-content\/uploads\/2022\/09\/teknik-linolja-video-600x352.png 600w, https:\/\/selder.com\/wp-content\/uploads\/2022\/09\/teknik-linolja-video-1024x600.png 1024w, https:\/\/selder.com\/wp-content\/uploads\/2022\/09\/teknik-linolja-video-768x450.png 768w\" sizes=\"(max-width: 1100px) 100vw, 1100px\" \/><\/a><\/figure><\/div>\n\n\n\n<div style=\"height:20px\" aria-hidden=\"true\" class=\"wp-block-spacer\"><\/div>\n\n\n\n<h3 class=\"wp-block-heading\"><strong>Summary<\/strong><\/h3>\n\n\n\n<p>Linseed oil is a mixture of fatty acids, proteins, waxes and antioxidants. Of these, only the unsaturated fatty acids have the properties necessary for linseed oil paints and impregnation oils. All other ingredients in the linseed oil impair the end result.<\/p>\n\n\n\n<p>Unsaturated fatty acids oxidize with the oxygen of the air into molecular chains. These form an elastic polymer called linoxin. It is water-repellent and resists fats, petroleum products, salts and household acids, e.g. lemon, wine and vinegar. No living organism can assimilate linoxin, so it is indefinitely sustainable. We remove the linseed oil&#8217;s other constituents through refining and save the unsaturated fatty acids. We cook them in different ways into oil products with optimal viscosity and curing time for intended use, i.e. impregnation of wood, polishing of wood, rust protection and protection of porous stone.<\/p>\n\n\n\n<p>Linseed oil was similarly refined for the best linseed colors and linseed oils until the middle of the 20th century. The process was extremely time-consuming and labor-intensive, and fell into oblivion after the synthetic colors became popular.<\/p>\n\n\n\n<h3 class=\"wp-block-heading\">The chemistry behind drying linseed oils<\/h3>\n\n\n\n<p>Linseed oil contains two drying fatty acids: linoleic acid, whose molecules contain two double bonds between oxygen atoms, and linolenic acid, which contains three. These can form essentially unlimited long molecular chains, i.e. polymerized, by oxidation.<br><br>An oxygen atom in e.g. the air forms a bridge between the double oxygen bonds in two molecules of unsaturated fatty acids by binding to the single oxygen bond in each molecule. Thereby, fatty acid molecules are combined into a larger molecule. Since linoleic acid can form bridges to two other fatty acid molecules, and linolenic acid to three, the polymerization can continue until giant molecules have been formed. The end result is an elastic polymer called linoxin.<br><br>Linseed oil also contains oleic acid, whose molecules contain a double bond between oxygen atoms. Linseed oil also contains oleic acid, whose molecules contain a double bond between oxygen atoms.<br><br>All other components of the linseed oil contribute to the drying, color fastness, durability and mold resistance of oils and paints.<\/p>\n\n\n\n<h3 class=\"wp-block-heading\"><strong>Harmful ingredients for linseed oil paints and impregnation and polishing oils<\/strong><\/h3>\n\n\n\n<p><strong>Antioxidants\u200b\u200bstrong<br><\/strong>, tendency of linoleic and linolenic acid to polymerize with oxygen is a threat to seed germination. Therefore, antioxidants are formed in the linseed, mainly tocopherol, i.e. Vitamin E.<br><br>If the antioxidants are not removed, the linseed oil paint takes a week or more to dry, often incompletely. This can be remedied by adding a desiccant, siccative, usually cobalt zirconium carboxylate. However, this gives the oil a tendency to not dry through but only on the surface; to skin dry. To prevent this from happening, 2-butanone oxime is also often added.<br><br>The success of these chemical additives is variable. The presence of antioxidants is the reason why you can read in manuals for linseed oil paint that you should paint very thin layers, that you should not paint in sunlight and only during the warm season, and that linseed oil paint dries much more slowly than alkyd paint (read more about this below ).<br><br>Selder &amp; Company has solved the problem by removing the antioxidants.<\/p>\n\n\n\n<p><strong>Beta carotene<br><\/strong><br>Flaxseed oil contains beta-carotene, an antioxidant that turns yellow over time. This permanent yellowing should not be confused with the linseed oil being photochromic, i.e. turns yellow in the dark and fades in a few hours when exposed to light.<br><br>Selder &amp; Company has solved the problem of permanent yellowing by removing the beta-carotene.<\/p>\n\n\n\n<p><strong>Saturated fatty acids<\/strong><\/p>\n\n\n\n<p>Linseed oil contains two saturated fatty acids: stearic and palmitic acid. These cannot dry, as they do not contain double bonds between oxygen atoms. Instead, they go rancid, react with water and provide food for microorganisms. Manufacturers of linseed oil paint therefore often add fungicides.<br>In addition, stearic and palmitic acids break down quite quickly, which causes the binder in the paint to disappear, leaving only the pigment grains, thereby changing its light refraction &#8211; the paint &#8220;chalks&#8221;. You can read in manuals for linseed oil paint that it must be refreshed every few years.<br><br>When oil, varnish or paint containing these fatty acids is exposed to moisture, white spots of oil\/water emulsion appear on the surface, which can be wiped off with the finger or a cloth.<br><br>Selder &amp; Company has solved the problem by removing these fatty acids.<br><br><strong>Waxing<br><\/strong><br>Waxes on the seed coat form a sticky gel with water. Therefore, linseed sticks to passing animals and can spread. When oil, varnish or paint containing such waxes is exposed to moisture, white spots of gel appear on the surface which can be wiped off with the finger or a cloth.<\/p>\n\n\n\n<p>Selder &amp; Company has solved the problem by removing the waxes.<br><br><strong>Proteins<\/strong><\/p>\n\n\n\n<p>Proteins are excellent nutrients for all organisms and are easily broken down. De \u00e4r den viktigaste ingrediensen i linoljans biologiska s\u00f6nderfall.<\/p>\n\n\n\n<p>Selder &amp; Company has solved the problem by removing the proteins.<\/p>\n\n\n\n<h3 class=\"wp-block-heading\">Alkyd oil paint is polyester, a plastic<\/h3>\n\n\n\n<p>Wikipedia\/ Encyclop\u00e6dia Britannica: <em>&#8220;Alkyd, or alkyd resin, is the binder in alkyd paint. <strong>It is a type of synthetic<\/strong> resin produced by polymerizing an alcohol, often glycerol, and an organic acid, for example phthalic acid, <strong>through esterification, into a polyester, which in turn is provided<\/strong> with unsaturated fatty acids from, for example, linseed oil.&#8221;<br><br><\/em><em>National Antiquities Authority, Material guide on alkyds: &#8220;Linseed, soy and pine oil are the most common starting products, but <strong>fish oil, Chinese wood oil, safflower oil, as well as non-drying oils such as coconut and castor oil and synthetic fatty acids also occur<\/strong>.&#8221;<\/em><br><br>National Antiquities Authority, Material guide: <em>&#8220;During a period, alkyd oil paints were also used in restorations as a substitute for linseed oil paint. But despite shorter drying times and better impact resistance <\/em>[our note: compared to linseed oil paint made with unrefined linseed oil] <em><strong>the alkyd paints had difficulty meeting the requirements of good penetration, elasticity and an authentic appearance during aging and degradation.<\/strong>\u201d<\/em><\/p>\n\n\n\n<p>Selder &amp; Company linseed oil paints are genuine oil paints.<\/p>\n\n\n\n<h3 class=\"wp-block-heading\"><strong>Process technology<\/strong><\/h3>\n\n\n\n<p>By applying modern process technology to the ancient art of refining linseed oil, we can rationally produce pure polyunsaturated oils. Pumpar, tankar, r\u00f6r och processk\u00e4rl \u00e4r s\u00e5 l\u00e5ngt det \u00e4r m\u00f6jligt tillverkade av rostfritt eller syrafast st\u00e5l. This allows us to maintain the production hygiene required to produce products of high and consistent quality. The raw materials are supplied to the process via PLC-controlled weighing equipment and automatic valves. Therefore, they are added in exactly the right amounts at the right time and the end products always get the right properties.<\/p>\n\n\n\n<h3 class=\"wp-block-heading\"><strong>Use<\/strong><\/h3>\n\n\n\n<p>The refined linseed oil is used as a binder in Selder &amp; Co&#8217;s linseed oil paints and as a water-repellent impregnating agent and polishing agent for wood, porous stone and as corrosion protection for metal. Read more under <a href=\"https:\/\/selderco.com\/products\/linseed-oil-paints\/\" class=\"ek-link\">LINSEEDOIL PAINT<\/a>, <a href=\"https:\/\/selderco.com\/products\/linseed-oils\/base-oil\/\" class=\"ek-link\">PRIMER OIL<\/a>, <a href=\"https:\/\/selderco.com\/products\/linseed-oils\/floor-oil\/\" class=\"ek-link\">FLOOR OIL<\/a>, <a href=\"https:\/\/selderco.com\/products\/linseed-oils\/furniture-oil\/\" class=\"ek-link\">FURNITURE OIL<\/a>, <a href=\"https:\/\/selderco.com\/products\/linseed-oils\/linseed-oil-fernissa\/\" class=\"ek-link\">LINSEED OIL VARNISH<\/a>, <a href=\"https:\/\/selderco.com\/products\/linseed-oils\/stone-oil\/\" class=\"ek-link\">STONE OIL<\/a>, <a href=\"https:\/\/selderco.com\/products\/linseed-oils\/rust-protection-oil\/\" class=\"ek-link\">RUSTPROOFING OIL.<\/a><br>From the non-drying fatty acids that we separate during refining, we make <a href=\"https:\/\/selderco.com\/products\/soaps\/floor-soap\/\" class=\"ek-link\">FLOOR SOFT SOAP<\/a> or <a href=\"https:\/\/selderco.com\/products\/soaps\/coarse-soap\/\" class=\"ek-link\">STRONG SOFT SOAP<\/a>.<br>The other residual products go to biogas production.<\/p>\n\n\n\n<div class=\"wp-block-buttons is-horizontal is-content-justification-left is-layout-flex wp-container-core-buttons-is-layout-20be11b6 wp-block-buttons-is-layout-flex\">\n<div class=\"wp-block-button\"><a class=\"wp-block-button__link\" href=\"https:\/\/selderco.com\/contact\/\">Contact Us<\/a><\/div>\n<\/div>\n\n\n\n<div style=\"height:20px\" aria-hidden=\"true\" class=\"wp-block-spacer\"><\/div>\n\n\n\n<figure class=\"wp-block-image size-large is-resized\"><img decoding=\"async\" src=\"https:\/\/selder.com\/wp-content\/uploads\/2022\/09\/teknologi-linolja-process-1024x682.jpg\" alt=\"Technology image of production process of linseed oil\" class=\"wp-image-3799\" width=\"329\" height=\"219\" srcset=\"https:\/\/selder.com\/wp-content\/uploads\/2022\/09\/teknologi-linolja-process-1024x682.jpg 1024w, https:\/\/selder.com\/wp-content\/uploads\/2022\/09\/teknologi-linolja-process-300x200.jpg 300w, https:\/\/selder.com\/wp-content\/uploads\/2022\/09\/teknologi-linolja-process-600x400.jpg 600w, https:\/\/selder.com\/wp-content\/uploads\/2022\/09\/teknologi-linolja-process-768x512.jpg 768w, https:\/\/selder.com\/wp-content\/uploads\/2022\/09\/teknologi-linolja-process.jpg 1100w\" sizes=\"(max-width: 329px) 100vw, 329px\" \/><figcaption>Picture of one of our refining processes taken through the observation window in the process vessel.<\/figcaption><\/figure>\n<\/div>\n\n\n\n<div class=\"wp-block-group is-layout-flow wp-block-group-is-layout-flow\"><\/div>\n\n\n\n<div style=\"height:20px\" aria-hidden=\"true\" class=\"wp-block-spacer\"><\/div>\n\n\n\n<div class=\"wp-block-cover alignfull is-light\" style=\"min-height:451px;aspect-ratio:unset;\"><span aria-hidden=\"true\" class=\"has-background-dim-100 wp-block-cover__gradient-background has-background-dim\" style=\"background-color:#e8e8e8\"><\/span><div class=\"wp-block-cover__inner-container is-layout-flow wp-block-cover-is-layout-flow\">\n<div style=\"height:40px\" aria-hidden=\"true\" class=\"wp-block-spacer\"><\/div>\n\n\n\n<p class=\"has-text-align-center has-black-color has-text-color has-large-font-size\">Do you want us to call you?<\/p>\n\n\n<style>:root {--form-width: 400px;--form-min-height: 60px;--form-padding-tb: 10px;--form-padding-lr: 20px;--form-background-color: #ffffff;--form-border-color: #bfbfbf;--form-border-width: 0px;--form-border-radius: 3px;}<\/style><div class=\"gimlit-form\"><form class=\"gimlit_form\" id=\"form_6052\" data-id=\"6052\" data-success=\"Thanks. We will contact you shortly.\" data-fail=\"Something went wrong. Please review all fields and try again.\"><label for=\"gimlit_form_6052_0\" aria-label=\"Name\"><\/label><input  class=\"\"type=\"text\" id=\"gimlit_form_6052_0\" name=\"form_0\" placeholder=\"Name\"><label for=\"gimlit_form_6052_1\" aria-label=\"How would you like to be contacted?\" style='display: none; margin-bottom: -10px;'>How would you like to be contacted?<\/label><select  class=\"\" name=\"form_1\" id=\"gimlit_form_6052_1\" placeholder=\"How would you like to be contacted?\"><option disabled selected>How would you like to be contacted?<\/option><option value=\"Telephone\">Telephone<\/option><option value=\" E-mail\"> E-mail<\/option><\/select><label for=\"gimlit_form_6052_2\" aria-label=\"E-mail\"><\/label><input  class=\"\" type=\"email\" id=\"gimlit_form_6052_2\" name=\"form_2\" placeholder=\"E-mail\"><label for=\"gimlit_form_6052_3\" aria-label=\"Phone\"><\/label><input class=\"\" type=\"tel\" id=\"gimlit_form_6052_3\" name=\"form_3\" placeholder=\"Phone\"><label for=\"gimlit_form_6052_4\" aria-label=\"Message\"><\/label><textarea class=\"\" rows=\"6\" id=\"gimlit_form_6052_4\" name=\"form_4\" placeholder=\"Message\"><\/textarea><input type=\"email\" class=\"confirm-email\" id=\"gimlit_form_6052_5\" name=\"form_5\" placeholder=\"Confirm E-mail\"><div class='submit'><input type=\"submit\" value=\"Send!\"><\/div><\/form><\/div>\n\n\n\n<div style=\"height:40px\" aria-hidden=\"true\" class=\"wp-block-spacer\"><\/div>\n<\/div><\/div>\n","protected":false},"excerpt":{"rendered":"<p>Refinement of linseed oil We refine linseed oil using modern production methods that we have developed on the basis of classic refining technology. Watch the video below where Mikkel tells more about Selder&#8217;s linseed oil. Summary Linseed oil is a mixture of fatty acids, proteins, waxes and antioxidants. Of these, only the unsaturated fatty acids [&hellip;]<\/p>\n","protected":false},"author":5,"featured_media":4742,"parent":0,"menu_order":0,"comment_status":"closed","ping_status":"closed","template":"","meta":{"_acf_changed":false,"_editorskit_title_hidden":false,"_editorskit_reading_time":5,"_editorskit_is_block_options_detached":false,"_editorskit_block_options_position":"{}","footnotes":""},"class_list":["post-5705","page","type-page","status-publish","has-post-thumbnail","hentry"],"acf":[],"yoast_head":"<!-- This site is optimized with the Yoast SEO plugin v27.5 - https:\/\/yoast.com\/product\/yoast-seo-wordpress\/ -->\n<title>Read about the technology behind our high-quality linseed oil - Contact us<\/title>\n<meta name=\"description\" content=\"Our production method has been developed by classic refining technology. We are experts in refining linseed oil. Read more about our unique technology.\" \/>\n<meta name=\"robots\" content=\"index, follow, max-snippet:-1, max-image-preview:large, max-video-preview:-1\" \/>\n<link rel=\"canonical\" href=\"https:\/\/selder.com\/en\/technology\/\" \/>\n<meta property=\"og:locale\" content=\"en_US\" \/>\n<meta property=\"og:type\" content=\"article\" \/>\n<meta property=\"og:title\" content=\"Read about the technology behind our high-quality linseed oil - Contact us\" \/>\n<meta property=\"og:description\" content=\"Our production method has been developed by classic refining technology. We are experts in refining linseed oil. Read more about our unique technology.\" \/>\n<meta property=\"og:url\" content=\"https:\/\/selder.com\/en\/technology\/\" \/>\n<meta property=\"og:site_name\" content=\"Selder och Company - Linolja\" \/>\n<meta property=\"article:modified_time\" content=\"2023-02-08T19:51:19+00:00\" \/>\n<meta property=\"og:image\" content=\"https:\/\/selder.com\/wp-content\/uploads\/2022\/09\/HERO-linolja-uppsala.jpg\" \/>\n\t<meta property=\"og:image:width\" content=\"1400\" \/>\n\t<meta property=\"og:image:height\" content=\"933\" \/>\n\t<meta property=\"og:image:type\" content=\"image\/jpeg\" \/>\n<meta name=\"twitter:card\" content=\"summary_large_image\" \/>\n<meta name=\"twitter:label1\" content=\"Est. reading time\" \/>\n\t<meta name=\"twitter:data1\" content=\"7 minutes\" \/>\n<script type=\"application\/ld+json\" class=\"yoast-schema-graph\">{\"@context\":\"https:\\\/\\\/schema.org\",\"@graph\":[{\"@type\":\"WebPage\",\"@id\":\"https:\\\/\\\/selder.com\\\/en\\\/technology\\\/\",\"url\":\"https:\\\/\\\/selder.com\\\/en\\\/technology\\\/\",\"name\":\"Read about the technology behind our high-quality linseed oil - Contact us\",\"isPartOf\":{\"@id\":\"https:\\\/\\\/selder.com\\\/en\\\/#website\"},\"primaryImageOfPage\":{\"@id\":\"https:\\\/\\\/selder.com\\\/en\\\/technology\\\/#primaryimage\"},\"image\":{\"@id\":\"https:\\\/\\\/selder.com\\\/en\\\/technology\\\/#primaryimage\"},\"thumbnailUrl\":\"https:\\\/\\\/selder.com\\\/wp-content\\\/uploads\\\/2022\\\/09\\\/HERO-linolja-uppsala.jpg\",\"datePublished\":\"2020-08-12T07:51:40+00:00\",\"dateModified\":\"2023-02-08T19:51:19+00:00\",\"description\":\"Our production method has been developed by classic refining technology. We are experts in refining linseed oil. Read more about our unique technology.\",\"inLanguage\":\"en-US\",\"potentialAction\":[{\"@type\":\"ReadAction\",\"target\":[\"https:\\\/\\\/selder.com\\\/en\\\/technology\\\/\"]}]},{\"@type\":\"ImageObject\",\"inLanguage\":\"en-US\",\"@id\":\"https:\\\/\\\/selder.com\\\/en\\\/technology\\\/#primaryimage\",\"url\":\"https:\\\/\\\/selder.com\\\/wp-content\\\/uploads\\\/2022\\\/09\\\/HERO-linolja-uppsala.jpg\",\"contentUrl\":\"https:\\\/\\\/selder.com\\\/wp-content\\\/uploads\\\/2022\\\/09\\\/HERO-linolja-uppsala.jpg\",\"width\":1400,\"height\":933,\"caption\":\"Linseed oil\"},{\"@type\":\"WebSite\",\"@id\":\"https:\\\/\\\/selder.com\\\/en\\\/#website\",\"url\":\"https:\\\/\\\/selder.com\\\/en\\\/\",\"name\":\"Selder och Company - Linolja\",\"description\":\"\",\"publisher\":{\"@id\":\"https:\\\/\\\/selder.com\\\/en\\\/#organization\"},\"potentialAction\":[{\"@type\":\"SearchAction\",\"target\":{\"@type\":\"EntryPoint\",\"urlTemplate\":\"https:\\\/\\\/selder.com\\\/en\\\/?s={search_term_string}\"},\"query-input\":{\"@type\":\"PropertyValueSpecification\",\"valueRequired\":true,\"valueName\":\"search_term_string\"}}],\"inLanguage\":\"en-US\"},{\"@type\":\"Organization\",\"@id\":\"https:\\\/\\\/selder.com\\\/en\\\/#organization\",\"name\":\"Selder & Co\",\"url\":\"https:\\\/\\\/selder.com\\\/en\\\/\",\"logo\":{\"@type\":\"ImageObject\",\"inLanguage\":\"en-US\",\"@id\":\"https:\\\/\\\/selder.com\\\/en\\\/#\\\/schema\\\/logo\\\/image\\\/\",\"url\":\"https:\\\/\\\/selder.weblidemo.se\\\/wp-content\\\/uploads\\\/2022\\\/09\\\/cropped-Logo_large.png\",\"contentUrl\":\"https:\\\/\\\/selder.weblidemo.se\\\/wp-content\\\/uploads\\\/2022\\\/09\\\/cropped-Logo_large.png\",\"width\":709,\"height\":709,\"caption\":\"Selder & Co\"},\"image\":{\"@id\":\"https:\\\/\\\/selder.com\\\/en\\\/#\\\/schema\\\/logo\\\/image\\\/\"}}]}<\/script>\n<!-- \/ Yoast SEO plugin. -->","yoast_head_json":{"title":"Read about the technology behind our high-quality linseed oil - Contact us","description":"Our production method has been developed by classic refining technology. We are experts in refining linseed oil. Read more about our unique technology.","robots":{"index":"index","follow":"follow","max-snippet":"max-snippet:-1","max-image-preview":"max-image-preview:large","max-video-preview":"max-video-preview:-1"},"canonical":"https:\/\/selder.com\/en\/technology\/","og_locale":"en_US","og_type":"article","og_title":"Read about the technology behind our high-quality linseed oil - Contact us","og_description":"Our production method has been developed by classic refining technology. We are experts in refining linseed oil. Read more about our unique technology.","og_url":"https:\/\/selder.com\/en\/technology\/","og_site_name":"Selder och Company - Linolja","article_modified_time":"2023-02-08T19:51:19+00:00","og_image":[{"width":1400,"height":933,"url":"https:\/\/selder.com\/wp-content\/uploads\/2022\/09\/HERO-linolja-uppsala.jpg","type":"image\/jpeg"}],"twitter_card":"summary_large_image","twitter_misc":{"Est. reading time":"7 minutes"},"schema":{"@context":"https:\/\/schema.org","@graph":[{"@type":"WebPage","@id":"https:\/\/selder.com\/en\/technology\/","url":"https:\/\/selder.com\/en\/technology\/","name":"Read about the technology behind our high-quality linseed oil - Contact us","isPartOf":{"@id":"https:\/\/selder.com\/en\/#website"},"primaryImageOfPage":{"@id":"https:\/\/selder.com\/en\/technology\/#primaryimage"},"image":{"@id":"https:\/\/selder.com\/en\/technology\/#primaryimage"},"thumbnailUrl":"https:\/\/selder.com\/wp-content\/uploads\/2022\/09\/HERO-linolja-uppsala.jpg","datePublished":"2020-08-12T07:51:40+00:00","dateModified":"2023-02-08T19:51:19+00:00","description":"Our production method has been developed by classic refining technology. We are experts in refining linseed oil. Read more about our unique technology.","inLanguage":"en-US","potentialAction":[{"@type":"ReadAction","target":["https:\/\/selder.com\/en\/technology\/"]}]},{"@type":"ImageObject","inLanguage":"en-US","@id":"https:\/\/selder.com\/en\/technology\/#primaryimage","url":"https:\/\/selder.com\/wp-content\/uploads\/2022\/09\/HERO-linolja-uppsala.jpg","contentUrl":"https:\/\/selder.com\/wp-content\/uploads\/2022\/09\/HERO-linolja-uppsala.jpg","width":1400,"height":933,"caption":"Linseed oil"},{"@type":"WebSite","@id":"https:\/\/selder.com\/en\/#website","url":"https:\/\/selder.com\/en\/","name":"Selder och Company - Linolja","description":"","publisher":{"@id":"https:\/\/selder.com\/en\/#organization"},"potentialAction":[{"@type":"SearchAction","target":{"@type":"EntryPoint","urlTemplate":"https:\/\/selder.com\/en\/?s={search_term_string}"},"query-input":{"@type":"PropertyValueSpecification","valueRequired":true,"valueName":"search_term_string"}}],"inLanguage":"en-US"},{"@type":"Organization","@id":"https:\/\/selder.com\/en\/#organization","name":"Selder & Co","url":"https:\/\/selder.com\/en\/","logo":{"@type":"ImageObject","inLanguage":"en-US","@id":"https:\/\/selder.com\/en\/#\/schema\/logo\/image\/","url":"https:\/\/selder.weblidemo.se\/wp-content\/uploads\/2022\/09\/cropped-Logo_large.png","contentUrl":"https:\/\/selder.weblidemo.se\/wp-content\/uploads\/2022\/09\/cropped-Logo_large.png","width":709,"height":709,"caption":"Selder & Co"},"image":{"@id":"https:\/\/selder.com\/en\/#\/schema\/logo\/image\/"}}]}},"_links":{"self":[{"href":"https:\/\/selder.com\/en\/wp-json\/wp\/v2\/pages\/5705","targetHints":{"allow":["GET"]}}],"collection":[{"href":"https:\/\/selder.com\/en\/wp-json\/wp\/v2\/pages"}],"about":[{"href":"https:\/\/selder.com\/en\/wp-json\/wp\/v2\/types\/page"}],"author":[{"embeddable":true,"href":"https:\/\/selder.com\/en\/wp-json\/wp\/v2\/users\/5"}],"replies":[{"embeddable":true,"href":"https:\/\/selder.com\/en\/wp-json\/wp\/v2\/comments?post=5705"}],"version-history":[{"count":0,"href":"https:\/\/selder.com\/en\/wp-json\/wp\/v2\/pages\/5705\/revisions"}],"wp:featuredmedia":[{"embeddable":true,"href":"https:\/\/selder.com\/en\/wp-json\/wp\/v2\/media\/4742"}],"wp:attachment":[{"href":"https:\/\/selder.com\/en\/wp-json\/wp\/v2\/media?parent=5705"}],"curies":[{"name":"wp","href":"https:\/\/api.w.org\/{rel}","templated":true}]}}