{"id":5903,"date":"2022-09-29T10:33:22","date_gmt":"2022-09-29T08:33:22","guid":{"rendered":"https:\/\/selder.com\/data-sheet\/"},"modified":"2022-11-22T08:23:37","modified_gmt":"2022-11-22T07:23:37","slug":"data-sheet","status":"publish","type":"page","link":"https:\/\/selder.com\/en\/data-sheet\/","title":{"rendered":"Data sheet"},"content":{"rendered":"\n<div class=\"wp-block-cover alignfull\" style=\"min-height:350px;aspect-ratio:unset;\"><span aria-hidden=\"true\" class=\"has-background-dim-60 wp-block-cover__gradient-background has-background-dim\"><\/span><img fetchpriority=\"high\" decoding=\"async\" width=\"1100\" height=\"733\" class=\"wp-block-cover__image-background wp-image-4121\" alt=\"N\u00e4rbild p\u00e5 f\u00e4ltlinblommor\" src=\"https:\/\/selderco.com\/wp-content\/uploads\/2022\/09\/faltlinblomma-i-handen-pa-selder.jpg\" style=\"object-position:48% 63%\" data-object-fit=\"cover\" data-object-position=\"48% 63%\" srcset=\"https:\/\/selder.com\/wp-content\/uploads\/2022\/09\/faltlinblomma-i-handen-pa-selder.jpg 1100w, https:\/\/selder.com\/wp-content\/uploads\/2022\/09\/faltlinblomma-i-handen-pa-selder-300x200.jpg 300w, https:\/\/selder.com\/wp-content\/uploads\/2022\/09\/faltlinblomma-i-handen-pa-selder-600x400.jpg 600w, https:\/\/selder.com\/wp-content\/uploads\/2022\/09\/faltlinblomma-i-handen-pa-selder-1024x682.jpg 1024w, https:\/\/selder.com\/wp-content\/uploads\/2022\/09\/faltlinblomma-i-handen-pa-selder-768x512.jpg 768w\" sizes=\"(max-width: 1100px) 100vw, 1100px\" \/><div class=\"wp-block-cover__inner-container is-layout-flow wp-block-cover-is-layout-flow\">\n<h1 class=\"has-text-align-center wp-block-heading\">Data sheet<\/h1>\n<\/div><\/div>\n\n<div style=\"height:40px\" aria-hidden=\"true\" class=\"wp-block-spacer\"><\/div>\n\n<h2 class=\"has-text-align-center wp-block-heading\">Find information in our oil and paint data sheets<\/h2>\n\n<p class=\"has-text-align-center\">Here you can find the exact data sheets you are looking for. Go to our technical data sheet or our safety data sheet.<\/p>\n\n<div class=\"wp-block-buttons is-horizontal is-content-justification-center is-layout-flex wp-container-core-buttons-is-layout-03627597 wp-block-buttons-is-layout-flex\">\n<div class=\"wp-block-button\"><a class=\"wp-block-button__link\" href=\"https:\/\/selderco.com\/contact\/\">Contact Us<\/a><\/div>\n<\/div>\n\n<div style=\"height:40px\" aria-hidden=\"true\" class=\"wp-block-spacer\"><\/div>\n\n<div class=\"wp-block-columns alignwide are-vertically-aligned-center is-layout-flex wp-container-core-columns-is-layout-28f84493 wp-block-columns-is-layout-flex\">\n<div class=\"wp-block-column is-vertically-aligned-center is-layout-flow wp-block-column-is-layout-flow\">\n<div class=\"wp-block-image size-large is-style-editorskit-rounded has-shadow rounded-corners\"><figure class=\"aligncenter size-large\"><img decoding=\"async\" width=\"1024\" height=\"682\" src=\"https:\/\/selder.com\/wp-content\/uploads\/2022\/09\/timmerstuga-inoljad-med-linolja-1024x682.jpg\" alt=\"Log cabin to be oiled and repainted with linseed oil\" class=\"wp-image-4153\" srcset=\"https:\/\/selder.com\/wp-content\/uploads\/2022\/09\/timmerstuga-inoljad-med-linolja-1024x682.jpg 1024w, https:\/\/selder.com\/wp-content\/uploads\/2022\/09\/timmerstuga-inoljad-med-linolja-300x200.jpg 300w, https:\/\/selder.com\/wp-content\/uploads\/2022\/09\/timmerstuga-inoljad-med-linolja-600x400.jpg 600w, https:\/\/selder.com\/wp-content\/uploads\/2022\/09\/timmerstuga-inoljad-med-linolja-768x512.jpg 768w, https:\/\/selder.com\/wp-content\/uploads\/2022\/09\/timmerstuga-inoljad-med-linolja.jpg 1100w\" sizes=\"(max-width: 1024px) 100vw, 1024px\" \/><\/figure><\/div>\n\n\n\n<div style=\"height:20px\" aria-hidden=\"true\" class=\"wp-block-spacer\"><\/div>\n\n\n\n<h3 class=\"has-text-align-center has-black-color has-text-color wp-block-heading\">Technical data sheets<\/h3>\n\n\n\n<p class=\"has-text-align-center\">Read and download the technical data sheet<\/p>\n\n\n\n<div class=\"wp-block-buttons is-content-justification-center is-layout-flex wp-container-core-buttons-is-layout-a89b3969 wp-block-buttons-is-layout-flex\">\n<div class=\"wp-block-button\"><a class=\"wp-block-button__link\" href=\"https:\/\/selderco.com\/the-company\/technical-data-sheets\/\">Technical data sheets<\/a><\/div>\n<\/div>\n<\/div>\n\n\n\n<div class=\"wp-block-column is-vertically-aligned-center is-layout-flow wp-block-column-is-layout-flow\">\n<div class=\"wp-block-image size-large is-style-editorskit-rounded has-shadow rounded-corners\"><figure class=\"aligncenter size-large\"><img decoding=\"async\" width=\"1100\" height=\"733\" src=\"https:\/\/selder.com\/wp-content\/uploads\/2022\/09\/hus-malat-med-rod-linoljefarg.jpg\" alt=\"Big red house painted with linseed oil paint from Selder and Co\" class=\"wp-image-4125\" srcset=\"https:\/\/selder.com\/wp-content\/uploads\/2022\/09\/hus-malat-med-rod-linoljefarg.jpg 1100w, https:\/\/selder.com\/wp-content\/uploads\/2022\/09\/hus-malat-med-rod-linoljefarg-300x200.jpg 300w, https:\/\/selder.com\/wp-content\/uploads\/2022\/09\/hus-malat-med-rod-linoljefarg-600x400.jpg 600w\" sizes=\"(max-width: 1100px) 100vw, 1100px\" \/><\/figure><\/div>\n\n\n\n<div style=\"height:20px\" aria-hidden=\"true\" class=\"wp-block-spacer\"><\/div>\n\n\n\n<h3 class=\"has-text-align-center has-black-color has-text-color wp-block-heading\">Safety data sheet<\/h3>\n\n\n\n<p class=\"has-text-align-center\">Read and download that safety data sheet<\/p>\n\n\n\n<div class=\"wp-block-buttons is-content-justification-center is-layout-flex wp-container-core-buttons-is-layout-a89b3969 wp-block-buttons-is-layout-flex\">\n<div class=\"wp-block-button\"><a class=\"wp-block-button__link\" href=\"https:\/\/selderco.com\/the-company\/safety-data-sheet\/\">Safety data sheet<\/a><\/div>\n<\/div>\n<\/div>\n<\/div>\n\n<div style=\"height:100px\" aria-hidden=\"true\" class=\"wp-block-spacer\"><\/div>\n","protected":false},"excerpt":{"rendered":"<p>Find information in our oil and paint data sheets Here you can find the exact data sheets you are looking for. Go to our technical data sheet or our safety data sheet. Technical data sheets Read and download the technical data sheet Safety data sheet Read and download that safety data sheet<\/p>\n","protected":false},"author":5,"featured_media":0,"parent":0,"menu_order":0,"comment_status":"closed","ping_status":"closed","template":"","meta":{"_acf_changed":false,"_editorskit_title_hidden":false,"_editorskit_reading_time":0,"_editorskit_is_block_options_detached":false,"_editorskit_block_options_position":"{}","footnotes":""},"class_list":["post-5903","page","type-page","status-publish","hentry"],"acf":[],"yoast_head":"<!-- This site is optimized with the Yoast SEO plugin v27.2 - https:\/\/yoast.com\/product\/yoast-seo-wordpress\/ -->\n<title>Selder &amp; Company - Find our data sheets - Read product information<\/title>\n<meta name=\"description\" content=\"Here you will find both our technical data sheets and safety data sheets. Find information about technology and how to safely work with our linseed oil.\" \/>\n<meta name=\"robots\" content=\"index, follow, max-snippet:-1, max-image-preview:large, max-video-preview:-1\" \/>\n<link rel=\"canonical\" href=\"https:\/\/selder.com\/en\/data-sheet\/\" \/>\n<meta property=\"og:locale\" content=\"en_US\" \/>\n<meta property=\"og:type\" content=\"article\" \/>\n<meta property=\"og:title\" content=\"Selder &amp; Company - Find our data sheets - Read product information\" \/>\n<meta property=\"og:description\" content=\"Here you will find both our technical data sheets and safety data sheets. Find information about technology and how to safely work with our linseed oil.\" \/>\n<meta property=\"og:url\" content=\"https:\/\/selder.com\/en\/data-sheet\/\" \/>\n<meta property=\"og:site_name\" content=\"Selder och Company - Linolja\" \/>\n<meta property=\"article:modified_time\" content=\"2022-11-22T07:23:37+00:00\" \/>\n<meta property=\"og:image\" content=\"https:\/\/selderco.com\/wp-content\/uploads\/2022\/09\/faltlinblomma-i-handen-pa-selder.jpg\" \/>\n<meta name=\"twitter:card\" content=\"summary_large_image\" \/>\n<script type=\"application\/ld+json\" class=\"yoast-schema-graph\">{\"@context\":\"https:\/\/schema.org\",\"@graph\":[{\"@type\":\"WebPage\",\"@id\":\"https:\/\/selder.com\/en\/data-sheet\/\",\"url\":\"https:\/\/selder.com\/en\/data-sheet\/\",\"name\":\"Selder & Company - Find our data sheets - Read product information\",\"isPartOf\":{\"@id\":\"https:\/\/selder.com\/en\/#website\"},\"primaryImageOfPage\":{\"@id\":\"https:\/\/selder.com\/en\/data-sheet\/#primaryimage\"},\"image\":{\"@id\":\"https:\/\/selder.com\/en\/data-sheet\/#primaryimage\"},\"thumbnailUrl\":\"https:\/\/selderco.com\/wp-content\/uploads\/2022\/09\/faltlinblomma-i-handen-pa-selder.jpg\",\"datePublished\":\"2022-09-29T08:33:22+00:00\",\"dateModified\":\"2022-11-22T07:23:37+00:00\",\"description\":\"Here you will find both our technical data sheets and safety data sheets. Find information about technology and how to safely work with our linseed oil.\",\"inLanguage\":\"en-US\",\"potentialAction\":[{\"@type\":\"ReadAction\",\"target\":[\"https:\/\/selder.com\/en\/data-sheet\/\"]}]},{\"@type\":\"ImageObject\",\"inLanguage\":\"en-US\",\"@id\":\"https:\/\/selder.com\/en\/data-sheet\/#primaryimage\",\"url\":\"https:\/\/selderco.com\/wp-content\/uploads\/2022\/09\/faltlinblomma-i-handen-pa-selder.jpg\",\"contentUrl\":\"https:\/\/selderco.com\/wp-content\/uploads\/2022\/09\/faltlinblomma-i-handen-pa-selder.jpg\"},{\"@type\":\"WebSite\",\"@id\":\"https:\/\/selder.com\/en\/#website\",\"url\":\"https:\/\/selder.com\/en\/\",\"name\":\"Selder och Company - Linolja\",\"description\":\"\",\"publisher\":{\"@id\":\"https:\/\/selder.com\/en\/#organization\"},\"potentialAction\":[{\"@type\":\"SearchAction\",\"target\":{\"@type\":\"EntryPoint\",\"urlTemplate\":\"https:\/\/selder.com\/en\/?s={search_term_string}\"},\"query-input\":{\"@type\":\"PropertyValueSpecification\",\"valueRequired\":true,\"valueName\":\"search_term_string\"}}],\"inLanguage\":\"en-US\"},{\"@type\":\"Organization\",\"@id\":\"https:\/\/selder.com\/en\/#organization\",\"name\":\"Selder & Co\",\"url\":\"https:\/\/selder.com\/en\/\",\"logo\":{\"@type\":\"ImageObject\",\"inLanguage\":\"en-US\",\"@id\":\"https:\/\/selder.com\/en\/#\/schema\/logo\/image\/\",\"url\":\"https:\/\/selder.weblidemo.se\/wp-content\/uploads\/2022\/09\/cropped-Logo_large.png\",\"contentUrl\":\"https:\/\/selder.weblidemo.se\/wp-content\/uploads\/2022\/09\/cropped-Logo_large.png\",\"width\":709,\"height\":709,\"caption\":\"Selder & Co\"},\"image\":{\"@id\":\"https:\/\/selder.com\/en\/#\/schema\/logo\/image\/\"}}]}<\/script>\n<!-- \/ Yoast SEO plugin. -->","yoast_head_json":{"title":"Selder & Company - Find our data sheets - Read product information","description":"Here you will find both our technical data sheets and safety data sheets. Find information about technology and how to safely work with our linseed oil.","robots":{"index":"index","follow":"follow","max-snippet":"max-snippet:-1","max-image-preview":"max-image-preview:large","max-video-preview":"max-video-preview:-1"},"canonical":"https:\/\/selder.com\/en\/data-sheet\/","og_locale":"en_US","og_type":"article","og_title":"Selder & Company - Find our data sheets - Read product information","og_description":"Here you will find both our technical data sheets and safety data sheets. Find information about technology and how to safely work with our linseed oil.","og_url":"https:\/\/selder.com\/en\/data-sheet\/","og_site_name":"Selder och Company - Linolja","article_modified_time":"2022-11-22T07:23:37+00:00","og_image":[{"url":"https:\/\/selderco.com\/wp-content\/uploads\/2022\/09\/faltlinblomma-i-handen-pa-selder.jpg","type":"","width":"","height":""}],"twitter_card":"summary_large_image","schema":{"@context":"https:\/\/schema.org","@graph":[{"@type":"WebPage","@id":"https:\/\/selder.com\/en\/data-sheet\/","url":"https:\/\/selder.com\/en\/data-sheet\/","name":"Selder & Company - Find our data sheets - Read product information","isPartOf":{"@id":"https:\/\/selder.com\/en\/#website"},"primaryImageOfPage":{"@id":"https:\/\/selder.com\/en\/data-sheet\/#primaryimage"},"image":{"@id":"https:\/\/selder.com\/en\/data-sheet\/#primaryimage"},"thumbnailUrl":"https:\/\/selderco.com\/wp-content\/uploads\/2022\/09\/faltlinblomma-i-handen-pa-selder.jpg","datePublished":"2022-09-29T08:33:22+00:00","dateModified":"2022-11-22T07:23:37+00:00","description":"Here you will find both our technical data sheets and safety data sheets. Find information about technology and how to safely work with our linseed oil.","inLanguage":"en-US","potentialAction":[{"@type":"ReadAction","target":["https:\/\/selder.com\/en\/data-sheet\/"]}]},{"@type":"ImageObject","inLanguage":"en-US","@id":"https:\/\/selder.com\/en\/data-sheet\/#primaryimage","url":"https:\/\/selderco.com\/wp-content\/uploads\/2022\/09\/faltlinblomma-i-handen-pa-selder.jpg","contentUrl":"https:\/\/selderco.com\/wp-content\/uploads\/2022\/09\/faltlinblomma-i-handen-pa-selder.jpg"},{"@type":"WebSite","@id":"https:\/\/selder.com\/en\/#website","url":"https:\/\/selder.com\/en\/","name":"Selder och Company - Linolja","description":"","publisher":{"@id":"https:\/\/selder.com\/en\/#organization"},"potentialAction":[{"@type":"SearchAction","target":{"@type":"EntryPoint","urlTemplate":"https:\/\/selder.com\/en\/?s={search_term_string}"},"query-input":{"@type":"PropertyValueSpecification","valueRequired":true,"valueName":"search_term_string"}}],"inLanguage":"en-US"},{"@type":"Organization","@id":"https:\/\/selder.com\/en\/#organization","name":"Selder & Co","url":"https:\/\/selder.com\/en\/","logo":{"@type":"ImageObject","inLanguage":"en-US","@id":"https:\/\/selder.com\/en\/#\/schema\/logo\/image\/","url":"https:\/\/selder.weblidemo.se\/wp-content\/uploads\/2022\/09\/cropped-Logo_large.png","contentUrl":"https:\/\/selder.weblidemo.se\/wp-content\/uploads\/2022\/09\/cropped-Logo_large.png","width":709,"height":709,"caption":"Selder & Co"},"image":{"@id":"https:\/\/selder.com\/en\/#\/schema\/logo\/image\/"}}]}},"_links":{"self":[{"href":"https:\/\/selder.com\/en\/wp-json\/wp\/v2\/pages\/5903","targetHints":{"allow":["GET"]}}],"collection":[{"href":"https:\/\/selder.com\/en\/wp-json\/wp\/v2\/pages"}],"about":[{"href":"https:\/\/selder.com\/en\/wp-json\/wp\/v2\/types\/page"}],"author":[{"embeddable":true,"href":"https:\/\/selder.com\/en\/wp-json\/wp\/v2\/users\/5"}],"replies":[{"embeddable":true,"href":"https:\/\/selder.com\/en\/wp-json\/wp\/v2\/comments?post=5903"}],"version-history":[{"count":0,"href":"https:\/\/selder.com\/en\/wp-json\/wp\/v2\/pages\/5903\/revisions"}],"wp:attachment":[{"href":"https:\/\/selder.com\/en\/wp-json\/wp\/v2\/media?parent=5903"}],"curies":[{"name":"wp","href":"https:\/\/api.w.org\/{rel}","templated":true}]}}