{"id":5907,"date":"2021-01-20T19:29:50","date_gmt":"2021-01-20T18:29:50","guid":{"rendered":"https:\/\/selder.com\/the-company\/"},"modified":"2022-11-22T12:01:06","modified_gmt":"2022-11-22T11:01:06","slug":"the-company","status":"publish","type":"page","link":"https:\/\/selder.com\/en\/the-company\/","title":{"rendered":"The company"},"content":{"rendered":"\n<div class=\"wp-block-cover alignfull is-light\" style=\"min-height:350px;aspect-ratio:unset;\"><span aria-hidden=\"true\" class=\"has-black-background-color has-background-dim-20 wp-block-cover__gradient-background has-background-dim\"><\/span><img fetchpriority=\"high\" decoding=\"async\" width=\"1100\" height=\"733\" class=\"wp-block-cover__image-background wp-image-4176\" alt=\"\" src=\"https:\/\/selderco.com\/wp-content\/uploads\/2022\/09\/linoljefarg-orange-pa-vagg.jpg\" style=\"object-position:65% 10%\" data-object-fit=\"cover\" data-object-position=\"65% 10%\" srcset=\"https:\/\/selder.com\/wp-content\/uploads\/2022\/09\/linoljefarg-orange-pa-vagg.jpg 1100w, https:\/\/selder.com\/wp-content\/uploads\/2022\/09\/linoljefarg-orange-pa-vagg-300x200.jpg 300w, https:\/\/selder.com\/wp-content\/uploads\/2022\/09\/linoljefarg-orange-pa-vagg-600x400.jpg 600w, https:\/\/selder.com\/wp-content\/uploads\/2022\/09\/linoljefarg-orange-pa-vagg-1024x682.jpg 1024w, https:\/\/selder.com\/wp-content\/uploads\/2022\/09\/linoljefarg-orange-pa-vagg-768x512.jpg 768w\" sizes=\"(max-width: 1100px) 100vw, 1100px\" \/><div class=\"wp-block-cover__inner-container is-layout-flow wp-block-cover-is-layout-flow\">\n<div class=\"wp-block-group alignwide is-layout-flow wp-block-group-is-layout-flow\">\n<h1 class=\"has-text-align-left has-white-color has-text-color wp-block-heading\">Selder &amp; Company<\/h1>\n\n\n\n<p class=\"has-text-align-left has-white-color has-text-color\">A family business with almost 40 years of experience in linseed oil<\/p>\n<\/div>\n<\/div><\/div>\n\n\n\n<div style=\"height:40px\" aria-hidden=\"true\" class=\"wp-block-spacer\"><\/div>\n\n\n\n<div style=\"height:20px\" aria-hidden=\"true\" class=\"wp-block-spacer\"><\/div>\n\n\n\n<div class=\"wp-block-media-text alignwide has-media-on-the-right is-stacked-on-mobile is-vertically-aligned-top\" style=\"grid-template-columns:auto 40%\"><figure class=\"wp-block-media-text__media\"><img decoding=\"async\" width=\"756\" height=\"912\" src=\"https:\/\/selderco.com\/wp-content\/uploads\/2022\/09\/raffinerad-linolja-hog-kvalitet.jpg\" alt=\"Familjef\u00f6retaget Selder har l\u00e5ng erfarenhet av raffinerad linolja av h\u00f6g kvalitet.\" class=\"wp-image-4210 size-full\" srcset=\"https:\/\/selder.com\/wp-content\/uploads\/2022\/09\/raffinerad-linolja-hog-kvalitet.jpg 756w, https:\/\/selder.com\/wp-content\/uploads\/2022\/09\/raffinerad-linolja-hog-kvalitet-300x362.jpg 300w, https:\/\/selder.com\/wp-content\/uploads\/2022\/09\/raffinerad-linolja-hog-kvalitet-600x724.jpg 600w\" sizes=\"(max-width: 756px) 100vw, 756px\" \/><\/figure><div class=\"wp-block-media-text__content\">\n<div style=\"height:20px\" aria-hidden=\"true\" class=\"wp-block-spacer\"><\/div>\n\n\n\n<h2 class=\"wp-block-heading\">The company<\/h2>\n\n\n\n<p>In the early 1980s, Mikkel Selder worked on restoring old wooden houses. He had difficulty finding oils and paints that maintained good enough quality for these old houses. This led him to start researching and developing products that would suit these purposes. In 1984 Mikkel Selder started his first business where linseed oil was the focus. Mikkel developed a refining process and colors to achieve a more sustainable and environmentally friendly result than the linseed oil paint that was on the market at the time.<\/p>\n\n\n\n<p>2014 startade Mikkel och hans son Atle, Selder &amp; Company. Atle har arbetat med sin far till och fr\u00e5n hela livet och har mycket bred och djup kunskap om linolja och linoljef\u00e4rg. Fabriken ligger i Uppsala och produktionen och recepten \u00e4r de samma som 1984. Idag \u00e4r vi 6 personer i verksamheten med olika ansvarsomr\u00e5den, allt fr\u00e5n produktion och lager till orderhantering och s\u00e4lj.<\/p>\n\n\n\n<div class=\"wp-block-buttons is-layout-flex wp-block-buttons-is-layout-flex\">\n<div class=\"wp-block-button\"><a class=\"wp-block-button__link\" href=\"https:\/\/selderco.com\/products\/linseed-oils\/\">Linseed Oils<\/a><\/div>\n<\/div>\n<\/div><\/div>\n\n\n\n<div style=\"height:60px\" aria-hidden=\"true\" class=\"wp-block-spacer\"><\/div>\n\n\n\n<div class=\"wp-block-media-text alignwide is-stacked-on-mobile\" style=\"grid-template-columns:40% auto\"><figure class=\"wp-block-media-text__media\"><img decoding=\"async\" width=\"512\" height=\"512\" src=\"https:\/\/selderco.com\/wp-content\/uploads\/2022\/09\/cropped-Favicon_Alt_CLR.png\" alt=\"\" class=\"wp-image-3726 size-full\" srcset=\"https:\/\/selder.com\/wp-content\/uploads\/2022\/09\/cropped-Favicon_Alt_CLR.png 512w, https:\/\/selder.com\/wp-content\/uploads\/2022\/09\/cropped-Favicon_Alt_CLR-300x300.png 300w, https:\/\/selder.com\/wp-content\/uploads\/2022\/09\/cropped-Favicon_Alt_CLR-150x150.png 150w, https:\/\/selder.com\/wp-content\/uploads\/2022\/09\/cropped-Favicon_Alt_CLR-270x270.png 270w, https:\/\/selder.com\/wp-content\/uploads\/2022\/09\/cropped-Favicon_Alt_CLR-192x192.png 192w, https:\/\/selder.com\/wp-content\/uploads\/2022\/09\/cropped-Favicon_Alt_CLR-180x180.png 180w, https:\/\/selder.com\/wp-content\/uploads\/2022\/09\/cropped-Favicon_Alt_CLR-32x32.png 32w\" sizes=\"(max-width: 512px) 100vw, 512px\" \/><\/figure><div class=\"wp-block-media-text__content\">\n<div style=\"height:20px\" aria-hidden=\"true\" class=\"wp-block-spacer\"><\/div>\n\n\n\n<h3 class=\"wp-block-heading\"><strong>Svartsj\u00f6 slott, Eker\u00f6<\/strong><\/h3>\n\n\n\n<p>In the early 1980s, Mikkel Selder had a job at Svartsj\u00f6 Castle on Eker\u00f6. It had then been a prison. The job consisted of reglazing window frames from the 18th century which, due to that it had been a prison, had acrylic glass. It would be reglazed with mouth-blown glass and the fittings would be protected from rust. One of the window frames was broken after a break-in and needed to be repaired. Mikkel saw, when he scraped off the paint, that the bottom and side pieces were core wood that was &#8220;fat&#8221;. He contacted an antiquarian to get an answer as to what it was treated with. The antique shop said it was barked wood and that the resin had risen. Mikkel thought it sounded unlikely because every window frame looked exactly the same. He took the broken window parts and began to investigate what they were. He boiled it in turpentine to dissolve the resin, but it didn&#8217;t work. Then he tested lye and got a secretion of fat. SP (Statens Provningsanstalt), as it was then called, said it was cotton oil or linseed oil. It was therefore linseed oil-impregnated core wood from the 18th century. Mikkel never encountered it again after that. The windows were completely intact and unaffected by moisture after all these years. This was the start of a lifelong passion.<\/p>\n\n\n\n<p>Selder &amp; Company is an evidence-based company that has conducted research together with Lule\u00e5 University of Technology.<\/p>\n\n\n\n<div class=\"wp-block-buttons is-horizontal is-content-justification-left is-layout-flex wp-container-core-buttons-is-layout-20be11b6 wp-block-buttons-is-layout-flex\">\n<div class=\"wp-block-button\"><a class=\"wp-block-button__link\" href=\"https:\/\/selderco.com\/contact\/\">Contact Us<\/a><\/div>\n<\/div>\n<\/div><\/div>\n\n\n\n<div style=\"height:20px\" aria-hidden=\"true\" class=\"wp-block-spacer\"><\/div>\n\n\n\n<figure class=\"wp-block-image alignwide size-large caption-align-center\"><a href=\"https:\/\/www.youtube.com\/watch?v=G6GBO1pps-E\" target=\"_blank\" rel=\"nofollow noopener\"><img loading=\"lazy\" decoding=\"async\" width=\"1024\" height=\"599\" src=\"https:\/\/selderco.com\/wp-content\/uploads\/2022\/09\/selder-familjeforetag-linolja-1024x599.png\" alt=\"The story behind linseed oil and the family business Selder &amp;amp; company\" class=\"wp-image-4208\" srcset=\"https:\/\/selder.com\/wp-content\/uploads\/2022\/09\/selder-familjeforetag-linolja-1024x599.png 1024w, https:\/\/selder.com\/wp-content\/uploads\/2022\/09\/selder-familjeforetag-linolja-300x175.png 300w, https:\/\/selder.com\/wp-content\/uploads\/2022\/09\/selder-familjeforetag-linolja-600x351.png 600w, https:\/\/selder.com\/wp-content\/uploads\/2022\/09\/selder-familjeforetag-linolja-768x449.png 768w, https:\/\/selder.com\/wp-content\/uploads\/2022\/09\/selder-familjeforetag-linolja.png 1100w\" sizes=\"(max-width: 1024px) 100vw, 1024px\" \/><\/a><figcaption>Vi erbjuder ett helhetsutbud f\u00f6r dig som vill anv\u00e4nda de allra b\u00e4sta linoljeprodukterna f\u00f6r behandling av dina tr\u00e4-, sten- och metallytor.<\/figcaption><\/figure>\n\n\n\n<div style=\"height:100px\" aria-hidden=\"true\" class=\"wp-block-spacer\"><\/div>\n\n\n\n<div class=\"wp-block-cover alignfull is-light has-parallax has-custom-content-position is-position-center-right\" style=\"background-image:url(https:\/\/selderco.com\/wp-content\/uploads\/2022\/09\/linoljefarg-orange-pa-vagg.jpg);min-height:430px;aspect-ratio:unset;\"><span aria-hidden=\"true\" class=\"has-background-dim-0 wp-block-cover__gradient-background has-background-dim\"><\/span><div class=\"wp-block-cover__inner-container is-layout-flow wp-block-cover-is-layout-flow\">\n<p class=\"has-text-align-right has-white-color has-text-color has-medium-font-size\"><em>I just want to thank you for finding the right linseed oil paint, I have tried other manufacturers but you are the best, ready cans to paint from and avoid mixing for a linseed oil base.<br>Thank you Selder for really good products.<\/em><\/p>\n\n\n\n<p class=\"has-text-align-right has-white-color has-text-color\"><strong>Anders Wickell<\/strong><\/p>\n\n\n\n<p class=\"has-text-align-right has-white-color has-text-color\">Happy customer<\/p>\n<\/div><\/div>\n","protected":false},"excerpt":{"rendered":"","protected":false},"author":5,"featured_media":8630,"parent":0,"menu_order":0,"comment_status":"closed","ping_status":"closed","template":"","meta":{"_acf_changed":false,"_editorskit_title_hidden":false,"_editorskit_reading_time":2,"_editorskit_is_block_options_detached":false,"_editorskit_block_options_position":"{}","footnotes":""},"class_list":["post-5907","page","type-page","status-publish","has-post-thumbnail","hentry"],"acf":[],"yoast_head":"<!-- This site is optimized with the Yoast SEO plugin v27.5 - https:\/\/yoast.com\/product\/yoast-seo-wordpress\/ -->\n<title>The family business with almost 40 years of experience in linseed oil - Read more<\/title>\n<meta name=\"description\" content=\"Already in 1984, we started working with linseed oil. Here you can read more about how we became experts in linseed oil and linseed oil paint.\" \/>\n<meta name=\"robots\" content=\"index, follow, max-snippet:-1, max-image-preview:large, max-video-preview:-1\" \/>\n<link rel=\"canonical\" href=\"https:\/\/selder.com\/en\/the-company\/\" \/>\n<meta property=\"og:locale\" content=\"en_US\" \/>\n<meta property=\"og:type\" content=\"article\" \/>\n<meta property=\"og:title\" content=\"The family business with almost 40 years of experience in linseed oil - Read more\" \/>\n<meta property=\"og:description\" content=\"Already in 1984, we started working with linseed oil. Here you can read more about how we became experts in linseed oil and linseed oil paint.\" \/>\n<meta property=\"og:url\" content=\"https:\/\/selder.com\/en\/the-company\/\" \/>\n<meta property=\"og:site_name\" content=\"Selder och Company - Linolja\" \/>\n<meta property=\"article:modified_time\" content=\"2022-11-22T11:01:06+00:00\" \/>\n<meta property=\"og:image\" content=\"https:\/\/selder.com\/wp-content\/uploads\/2022\/10\/mikkel2-768x898.png\" \/>\n\t<meta property=\"og:image:width\" content=\"768\" \/>\n\t<meta property=\"og:image:height\" content=\"898\" \/>\n\t<meta property=\"og:image:type\" content=\"image\/png\" \/>\n<meta name=\"twitter:card\" content=\"summary_large_image\" \/>\n<meta name=\"twitter:label1\" content=\"Est. reading time\" \/>\n\t<meta name=\"twitter:data1\" content=\"4 minutes\" \/>\n<script type=\"application\/ld+json\" class=\"yoast-schema-graph\">{\"@context\":\"https:\\\/\\\/schema.org\",\"@graph\":[{\"@type\":\"WebPage\",\"@id\":\"https:\\\/\\\/selder.com\\\/en\\\/the-company\\\/\",\"url\":\"https:\\\/\\\/selder.com\\\/en\\\/the-company\\\/\",\"name\":\"The family business with almost 40 years of experience in linseed oil - Read more\",\"isPartOf\":{\"@id\":\"https:\\\/\\\/selder.com\\\/en\\\/#website\"},\"primaryImageOfPage\":{\"@id\":\"https:\\\/\\\/selder.com\\\/en\\\/the-company\\\/#primaryimage\"},\"image\":{\"@id\":\"https:\\\/\\\/selder.com\\\/en\\\/the-company\\\/#primaryimage\"},\"thumbnailUrl\":\"https:\\\/\\\/selder.com\\\/wp-content\\\/uploads\\\/2022\\\/10\\\/mikkel2.png\",\"datePublished\":\"2021-01-20T18:29:50+00:00\",\"dateModified\":\"2022-11-22T11:01:06+00:00\",\"description\":\"Already in 1984, we started working with linseed oil. Here you can read more about how we became experts in linseed oil and linseed oil paint.\",\"inLanguage\":\"en-US\",\"potentialAction\":[{\"@type\":\"ReadAction\",\"target\":[\"https:\\\/\\\/selder.com\\\/en\\\/the-company\\\/\"]}]},{\"@type\":\"ImageObject\",\"inLanguage\":\"en-US\",\"@id\":\"https:\\\/\\\/selder.com\\\/en\\\/the-company\\\/#primaryimage\",\"url\":\"https:\\\/\\\/selder.com\\\/wp-content\\\/uploads\\\/2022\\\/10\\\/mikkel2.png\",\"contentUrl\":\"https:\\\/\\\/selder.com\\\/wp-content\\\/uploads\\\/2022\\\/10\\\/mikkel2.png\",\"width\":1203,\"height\":1407,\"caption\":\"Mikkel Selder arbetar med linolja\"},{\"@type\":\"WebSite\",\"@id\":\"https:\\\/\\\/selder.com\\\/en\\\/#website\",\"url\":\"https:\\\/\\\/selder.com\\\/en\\\/\",\"name\":\"Selder och Company - Linolja\",\"description\":\"\",\"publisher\":{\"@id\":\"https:\\\/\\\/selder.com\\\/en\\\/#organization\"},\"potentialAction\":[{\"@type\":\"SearchAction\",\"target\":{\"@type\":\"EntryPoint\",\"urlTemplate\":\"https:\\\/\\\/selder.com\\\/en\\\/?s={search_term_string}\"},\"query-input\":{\"@type\":\"PropertyValueSpecification\",\"valueRequired\":true,\"valueName\":\"search_term_string\"}}],\"inLanguage\":\"en-US\"},{\"@type\":\"Organization\",\"@id\":\"https:\\\/\\\/selder.com\\\/en\\\/#organization\",\"name\":\"Selder & Co\",\"url\":\"https:\\\/\\\/selder.com\\\/en\\\/\",\"logo\":{\"@type\":\"ImageObject\",\"inLanguage\":\"en-US\",\"@id\":\"https:\\\/\\\/selder.com\\\/en\\\/#\\\/schema\\\/logo\\\/image\\\/\",\"url\":\"https:\\\/\\\/selder.weblidemo.se\\\/wp-content\\\/uploads\\\/2022\\\/09\\\/cropped-Logo_large.png\",\"contentUrl\":\"https:\\\/\\\/selder.weblidemo.se\\\/wp-content\\\/uploads\\\/2022\\\/09\\\/cropped-Logo_large.png\",\"width\":709,\"height\":709,\"caption\":\"Selder & Co\"},\"image\":{\"@id\":\"https:\\\/\\\/selder.com\\\/en\\\/#\\\/schema\\\/logo\\\/image\\\/\"}}]}<\/script>\n<!-- \/ Yoast SEO plugin. -->","yoast_head_json":{"title":"The family business with almost 40 years of experience in linseed oil - Read more","description":"Already in 1984, we started working with linseed oil. Here you can read more about how we became experts in linseed oil and linseed oil paint.","robots":{"index":"index","follow":"follow","max-snippet":"max-snippet:-1","max-image-preview":"max-image-preview:large","max-video-preview":"max-video-preview:-1"},"canonical":"https:\/\/selder.com\/en\/the-company\/","og_locale":"en_US","og_type":"article","og_title":"The family business with almost 40 years of experience in linseed oil - Read more","og_description":"Already in 1984, we started working with linseed oil. Here you can read more about how we became experts in linseed oil and linseed oil paint.","og_url":"https:\/\/selder.com\/en\/the-company\/","og_site_name":"Selder och Company - Linolja","article_modified_time":"2022-11-22T11:01:06+00:00","og_image":[{"width":768,"height":898,"url":"https:\/\/selder.com\/wp-content\/uploads\/2022\/10\/mikkel2-768x898.png","type":"image\/png"}],"twitter_card":"summary_large_image","twitter_misc":{"Est. reading time":"4 minutes"},"schema":{"@context":"https:\/\/schema.org","@graph":[{"@type":"WebPage","@id":"https:\/\/selder.com\/en\/the-company\/","url":"https:\/\/selder.com\/en\/the-company\/","name":"The family business with almost 40 years of experience in linseed oil - Read more","isPartOf":{"@id":"https:\/\/selder.com\/en\/#website"},"primaryImageOfPage":{"@id":"https:\/\/selder.com\/en\/the-company\/#primaryimage"},"image":{"@id":"https:\/\/selder.com\/en\/the-company\/#primaryimage"},"thumbnailUrl":"https:\/\/selder.com\/wp-content\/uploads\/2022\/10\/mikkel2.png","datePublished":"2021-01-20T18:29:50+00:00","dateModified":"2022-11-22T11:01:06+00:00","description":"Already in 1984, we started working with linseed oil. Here you can read more about how we became experts in linseed oil and linseed oil paint.","inLanguage":"en-US","potentialAction":[{"@type":"ReadAction","target":["https:\/\/selder.com\/en\/the-company\/"]}]},{"@type":"ImageObject","inLanguage":"en-US","@id":"https:\/\/selder.com\/en\/the-company\/#primaryimage","url":"https:\/\/selder.com\/wp-content\/uploads\/2022\/10\/mikkel2.png","contentUrl":"https:\/\/selder.com\/wp-content\/uploads\/2022\/10\/mikkel2.png","width":1203,"height":1407,"caption":"Mikkel Selder arbetar med linolja"},{"@type":"WebSite","@id":"https:\/\/selder.com\/en\/#website","url":"https:\/\/selder.com\/en\/","name":"Selder och Company - Linolja","description":"","publisher":{"@id":"https:\/\/selder.com\/en\/#organization"},"potentialAction":[{"@type":"SearchAction","target":{"@type":"EntryPoint","urlTemplate":"https:\/\/selder.com\/en\/?s={search_term_string}"},"query-input":{"@type":"PropertyValueSpecification","valueRequired":true,"valueName":"search_term_string"}}],"inLanguage":"en-US"},{"@type":"Organization","@id":"https:\/\/selder.com\/en\/#organization","name":"Selder & Co","url":"https:\/\/selder.com\/en\/","logo":{"@type":"ImageObject","inLanguage":"en-US","@id":"https:\/\/selder.com\/en\/#\/schema\/logo\/image\/","url":"https:\/\/selder.weblidemo.se\/wp-content\/uploads\/2022\/09\/cropped-Logo_large.png","contentUrl":"https:\/\/selder.weblidemo.se\/wp-content\/uploads\/2022\/09\/cropped-Logo_large.png","width":709,"height":709,"caption":"Selder & Co"},"image":{"@id":"https:\/\/selder.com\/en\/#\/schema\/logo\/image\/"}}]}},"_links":{"self":[{"href":"https:\/\/selder.com\/en\/wp-json\/wp\/v2\/pages\/5907","targetHints":{"allow":["GET"]}}],"collection":[{"href":"https:\/\/selder.com\/en\/wp-json\/wp\/v2\/pages"}],"about":[{"href":"https:\/\/selder.com\/en\/wp-json\/wp\/v2\/types\/page"}],"author":[{"embeddable":true,"href":"https:\/\/selder.com\/en\/wp-json\/wp\/v2\/users\/5"}],"replies":[{"embeddable":true,"href":"https:\/\/selder.com\/en\/wp-json\/wp\/v2\/comments?post=5907"}],"version-history":[{"count":0,"href":"https:\/\/selder.com\/en\/wp-json\/wp\/v2\/pages\/5907\/revisions"}],"wp:featuredmedia":[{"embeddable":true,"href":"https:\/\/selder.com\/en\/wp-json\/wp\/v2\/media\/8630"}],"wp:attachment":[{"href":"https:\/\/selder.com\/en\/wp-json\/wp\/v2\/media?parent=5907"}],"curies":[{"name":"wp","href":"https:\/\/api.w.org\/{rel}","templated":true}]}}