{"id":5911,"date":"2022-09-13T15:50:29","date_gmt":"2022-09-13T13:50:29","guid":{"rendered":"https:\/\/selder.com\/the-company\/technical-data-sheets\/"},"modified":"2022-11-22T11:47:00","modified_gmt":"2022-11-22T10:47:00","slug":"technical-data-sheets","status":"publish","type":"page","link":"https:\/\/selder.com\/en\/technical-data-sheets\/","title":{"rendered":"Technical data sheets"},"content":{"rendered":"\n<div class=\"wp-block-cover alignfull\" style=\"min-height:200px;aspect-ratio:unset;\"><span aria-hidden=\"true\" class=\"has-black-background-color has-background-dim-0 wp-block-cover__gradient-background has-background-dim\"><\/span><div class=\"wp-block-cover__inner-container is-layout-flow wp-block-cover-is-layout-flow\">\n<h1 class=\"has-text-align-left has-black-color has-text-color wp-block-heading\">Technical data sheets<\/h1>\n\n\n\n<p class=\"has-text-align-center\"><\/p>\n<\/div><\/div>\n\n\n\n<h2 class=\"has-text-align-left wp-block-heading\">Linseed oil<\/h2>\n\n\n\n<p class=\"has-text-align-left\">Here you will find technical data sheets with specific instructions for use for our linseed oils. Feel free to contact us with questions.<\/p>\n\n\n\n<div class=\"wp-block-buttons is-horizontal is-content-justification-left is-layout-flex wp-container-core-buttons-is-layout-20be11b6 wp-block-buttons-is-layout-flex\">\n<div class=\"wp-block-button\"><a class=\"wp-block-button__link\" href=\"https:\/\/selderco.com\/products\/linseed-oils\/\">Oils<\/a><\/div>\n<\/div>\n\n\n\n<div style=\"height:20px\" aria-hidden=\"true\" class=\"wp-block-spacer\"><\/div>\n\n\n\n<div class=\"wp-block-file\"><a id=\"wp-block-file--media-d662771d-ec91-4236-99da-f502627d4dd5\" href=\"https:\/\/selder.com\/wp-content\/uploads\/2022\/11\/TECHNICAL-DATASHEET-SELDER-PRIMER-OIL-23.3.2021.pdf\">PRIMER OIL<\/a><a href=\"https:\/\/selder.com\/wp-content\/uploads\/2022\/11\/TECHNICAL-DATASHEET-SELDER-PRIMER-OIL-23.3.2021.pdf\" class=\"wp-block-file__button\" download aria-describedby=\"wp-block-file--media-d662771d-ec91-4236-99da-f502627d4dd5\">Download<\/a><\/div>\n\n\n\n<div class=\"wp-block-file\"><a id=\"wp-block-file--media-a1d74ede-1e01-4121-8390-f15b1b1f8c50\" href=\"https:\/\/selder.com\/wp-content\/uploads\/2022\/11\/TECHNICAL-DATASHEET-SELDER-LINSEED-VARNISH-OIL-18.3.2021.pdf\">VARNISH OIL<\/a><a href=\"https:\/\/selder.com\/wp-content\/uploads\/2022\/11\/TECHNICAL-DATASHEET-SELDER-LINSEED-VARNISH-OIL-18.3.2021.pdf\" class=\"wp-block-file__button\" download aria-describedby=\"wp-block-file--media-a1d74ede-1e01-4121-8390-f15b1b1f8c50\">Download<\/a><\/div>\n\n\n\n<div class=\"wp-block-file\"><a id=\"wp-block-file--media-22a4aab3-2687-499d-bd5c-8432228eafeb\" href=\"https:\/\/selder.com\/wp-content\/uploads\/2022\/11\/TECHNICAL-DATASHEET-SELDER-FLOOR-OIL-20.4.2021.pdf\">FLOOR OIL<\/a><a href=\"https:\/\/selder.com\/wp-content\/uploads\/2022\/11\/TECHNICAL-DATASHEET-SELDER-FLOOR-OIL-20.4.2021.pdf\" class=\"wp-block-file__button\" download aria-describedby=\"wp-block-file--media-22a4aab3-2687-499d-bd5c-8432228eafeb\">Download<\/a><\/div>\n\n\n\n<div class=\"wp-block-file\"><a id=\"wp-block-file--media-57c9851e-bdbc-477a-9f1a-ec3965c63ed0\" href=\"https:\/\/selder.com\/wp-content\/uploads\/2022\/11\/TECHNICAL-DATASHEET-SELDER-FURNITURE-OIL-18.3.2021.pdf\">FURNITURE OIL<\/a><a href=\"https:\/\/selder.com\/wp-content\/uploads\/2022\/11\/TECHNICAL-DATASHEET-SELDER-FURNITURE-OIL-18.3.2021.pdf\" class=\"wp-block-file__button\" download aria-describedby=\"wp-block-file--media-57c9851e-bdbc-477a-9f1a-ec3965c63ed0\">Download<\/a><\/div>\n\n\n\n<div class=\"wp-block-file\"><a id=\"wp-block-file--media-9dd0ef11-88d4-4ad9-9559-b9d3e1e662bc\" href=\"https:\/\/selder.com\/wp-content\/uploads\/2022\/11\/TECHNICAL-DATASHEET-SELDER-RUSTPROOFING-OIL-23.3.2021.pdf\">RUSTPROOFING OIL<\/a><a href=\"https:\/\/selder.com\/wp-content\/uploads\/2022\/11\/TECHNICAL-DATASHEET-SELDER-RUSTPROOFING-OIL-23.3.2021.pdf\" class=\"wp-block-file__button\" download aria-describedby=\"wp-block-file--media-9dd0ef11-88d4-4ad9-9559-b9d3e1e662bc\">Download<\/a><\/div>\n\n\n\n<div class=\"wp-block-file\"><a id=\"wp-block-file--media-6357cc57-ffbc-4f81-90eb-79915f39b328\" href=\"https:\/\/selder.com\/wp-content\/uploads\/2022\/11\/TECHNICAL-DATASHEET-SELDER-STONE-OIL-23.3.2021.pdf\">STONE OIL<\/a><a href=\"https:\/\/selder.com\/wp-content\/uploads\/2022\/11\/TECHNICAL-DATASHEET-SELDER-STONE-OIL-23.3.2021.pdf\" class=\"wp-block-file__button\" download aria-describedby=\"wp-block-file--media-6357cc57-ffbc-4f81-90eb-79915f39b328\">Download<\/a><\/div>\n\n\n\n<div style=\"height:40px\" aria-hidden=\"true\" class=\"wp-block-spacer\"><\/div>\n\n\n\n<h2 class=\"has-text-align-left wp-block-heading\">Shellac<\/h2>\n\n\n\n<p class=\"has-text-align-left\">Here you will find a technical data sheet with instructions for use for our shellac. Feel free to contact us with questions.<\/p>\n\n\n\n<div class=\"wp-block-buttons is-layout-flex wp-block-buttons-is-layout-flex\">\n<div class=\"wp-block-button\"><a class=\"wp-block-button__link\" href=\"https:\/\/selderco.com\/products\/shellac\/\">Shellac<\/a><\/div>\n<\/div>\n\n\n\n<div style=\"height:20px\" aria-hidden=\"true\" class=\"wp-block-spacer\"><\/div>\n\n\n\n<div class=\"wp-block-file\"><a id=\"wp-block-file--media-6b5bac30-dd79-4180-a5c3-ebd5b54a7c5e\" href=\"https:\/\/selder.com\/wp-content\/uploads\/2022\/11\/TECHNICAL-DATASHEET-SELDER-SHELLAC-4.3.2021.pdf\">SHELLAC<\/a><a href=\"https:\/\/selder.com\/wp-content\/uploads\/2022\/11\/TECHNICAL-DATASHEET-SELDER-SHELLAC-4.3.2021.pdf\" class=\"wp-block-file__button\" download aria-describedby=\"wp-block-file--media-6b5bac30-dd79-4180-a5c3-ebd5b54a7c5e\">Download<\/a><\/div>\n\n\n\n<div style=\"height:40px\" aria-hidden=\"true\" class=\"wp-block-spacer\"><\/div>\n\n\n\n<h2 class=\"has-text-align-left wp-block-heading\">Linseed oil paint<\/h2>\n\n\n\n<p class=\"has-text-align-left\">Here you will find technical data sheets with specific instructions for use for our linseed oil paints. Feel free to contact us with questions.<\/p>\n\n\n\n<div class=\"wp-block-buttons is-layout-flex wp-block-buttons-is-layout-flex\">\n<div class=\"wp-block-button\"><a class=\"wp-block-button__link\" href=\"https:\/\/selderco.com\/products\/linseed-oil-paints\/\">Linseed oil paint<\/a><\/div>\n<\/div>\n\n\n\n<div style=\"height:20px\" aria-hidden=\"true\" class=\"wp-block-spacer\"><\/div>\n\n\n\n<div class=\"wp-block-file\"><a id=\"wp-block-file--media-83034c21-aa7c-4f75-83fe-0719e3fc27b7\" href=\"https:\/\/selder.com\/wp-content\/uploads\/2022\/11\/TECHNICAL-DATASHEET-SELDER-LINSEED-OIL-PAINT-PRIMER-30.4.2021.pdf\">LINSEED OIL PAINT PRIMER<\/a><a href=\"https:\/\/selder.com\/wp-content\/uploads\/2022\/11\/TECHNICAL-DATASHEET-SELDER-LINSEED-OIL-PAINT-PRIMER-30.4.2021.pdf\" class=\"wp-block-file__button\" download aria-describedby=\"wp-block-file--media-83034c21-aa7c-4f75-83fe-0719e3fc27b7\">Download<\/a><\/div>\n\n\n\n<div class=\"wp-block-file\"><a id=\"wp-block-file--media-964b6290-4198-425a-8704-d9835d14da97\" href=\"https:\/\/selder.com\/wp-content\/uploads\/2022\/11\/TECHNICAL-DATASHEET-SELDER-LINSEED-OIL-PAINT-WHITE-SEMI-GLOSS-18.3.2021.pdf\">LINSEED OIL PAINT WHITE SEMI-GLOSS<\/a><a href=\"https:\/\/selder.com\/wp-content\/uploads\/2022\/11\/TECHNICAL-DATASHEET-SELDER-LINSEED-OIL-PAINT-WHITE-SEMI-GLOSS-18.3.2021.pdf\" class=\"wp-block-file__button\" download aria-describedby=\"wp-block-file--media-964b6290-4198-425a-8704-d9835d14da97\">Download<\/a><\/div>\n\n\n\n<div class=\"wp-block-file\"><a id=\"wp-block-file--media-f4041142-1f25-4d5c-be6c-21f771d6c628\" href=\"https:\/\/selder.com\/wp-content\/uploads\/2022\/11\/TECHNICAL-DATASHEET-SELDER-LINSEED-OIL-PAINT-WHITE-HALF-SHEEN-18.3.2021.pdf\">LINSEED OIL PAINT WHITE HALF SHEEN<\/a><a href=\"https:\/\/selder.com\/wp-content\/uploads\/2022\/11\/TECHNICAL-DATASHEET-SELDER-LINSEED-OIL-PAINT-WHITE-HALF-SHEEN-18.3.2021.pdf\" class=\"wp-block-file__button\" download aria-describedby=\"wp-block-file--media-f4041142-1f25-4d5c-be6c-21f771d6c628\">Download<\/a><\/div>\n\n\n\n<div class=\"wp-block-file\"><a id=\"wp-block-file--media-10bb895b-51e0-4c2d-82bf-df299e2dbd7d\" href=\"https:\/\/selder.com\/wp-content\/uploads\/2022\/11\/TECHNICAL-DATASHEET-SELDER-LINSEED-OIL-PAINT-A-BASE-SEMI-GLOSS-18.3.2021.pdf\">LINSEED OIL PAINT A-BASE SEMI-GLOSS<\/a><a href=\"https:\/\/selder.com\/wp-content\/uploads\/2022\/11\/TECHNICAL-DATASHEET-SELDER-LINSEED-OIL-PAINT-A-BASE-SEMI-GLOSS-18.3.2021.pdf\" class=\"wp-block-file__button\" download aria-describedby=\"wp-block-file--media-10bb895b-51e0-4c2d-82bf-df299e2dbd7d\">Download<\/a><\/div>\n\n\n\n<div class=\"wp-block-file\"><a id=\"wp-block-file--media-b98be3d6-2863-43d1-81a7-4baf9ae52da9\" href=\"https:\/\/selder.com\/wp-content\/uploads\/2022\/11\/TECHNICAL-DATASHEET-SELDER-LINSEED-OIL-PAINT-A-BASE-HALF-SHEEN-22.3.2020.pdf\">LINSEED OIL PAINT A-BASE HALF SHEEN<\/a><a href=\"https:\/\/selder.com\/wp-content\/uploads\/2022\/11\/TECHNICAL-DATASHEET-SELDER-LINSEED-OIL-PAINT-A-BASE-HALF-SHEEN-22.3.2020.pdf\" class=\"wp-block-file__button\" download aria-describedby=\"wp-block-file--media-b98be3d6-2863-43d1-81a7-4baf9ae52da9\">Download<\/a><\/div>\n\n\n\n<div class=\"wp-block-file\"><a id=\"wp-block-file--media-4e429330-e739-4fd9-8180-0fc82cb65150\" href=\"https:\/\/selder.com\/wp-content\/uploads\/2022\/11\/TECHNICAL-DATASHEET-SELDER-LINSEED-OIL-PAINT-B-BASE-SEMI-GLOSS-18.3.2021.pdf\">LINSEED OIL PAINT B-BASE SEMI-GLOSS<\/a><a href=\"https:\/\/selder.com\/wp-content\/uploads\/2022\/11\/TECHNICAL-DATASHEET-SELDER-LINSEED-OIL-PAINT-B-BASE-SEMI-GLOSS-18.3.2021.pdf\" class=\"wp-block-file__button\" download aria-describedby=\"wp-block-file--media-4e429330-e739-4fd9-8180-0fc82cb65150\">Download<\/a><\/div>\n\n\n\n<div class=\"wp-block-file\"><a id=\"wp-block-file--media-fd2069ab-7f69-4a0c-92ed-83fa2db7add0\" href=\"https:\/\/selder.com\/wp-content\/uploads\/2022\/11\/TECHNICAL-DATASHEET-SELDER-LINSEED-OIL-PAINT-B-BASE-HALF-SHEEN-18.3.2021.pdf\">LINSEED OIL PAINT B-BASE HALF SHEEN<\/a><a href=\"https:\/\/selder.com\/wp-content\/uploads\/2022\/11\/TECHNICAL-DATASHEET-SELDER-LINSEED-OIL-PAINT-B-BASE-HALF-SHEEN-18.3.2021.pdf\" class=\"wp-block-file__button\" download aria-describedby=\"wp-block-file--media-fd2069ab-7f69-4a0c-92ed-83fa2db7add0\">Download<\/a><\/div>\n\n\n\n<div class=\"wp-block-file\"><a id=\"wp-block-file--media-32eecb0d-82bc-4f90-b1a3-8b57152177d1\" href=\"https:\/\/selder.com\/wp-content\/uploads\/2022\/11\/TECHNICAL-DATASHEET-SELDER-LINSEED-OIL-PAINT-C-BASE-SEMI-GLOSS-18.3.2021.pdf\">LINSEED OIL PAINT C-BASE SEMI-GLOSS<\/a><a href=\"https:\/\/selder.com\/wp-content\/uploads\/2022\/11\/TECHNICAL-DATASHEET-SELDER-LINSEED-OIL-PAINT-C-BASE-SEMI-GLOSS-18.3.2021.pdf\" class=\"wp-block-file__button\" download aria-describedby=\"wp-block-file--media-32eecb0d-82bc-4f90-b1a3-8b57152177d1\">Download<\/a><\/div>\n\n\n\n<div class=\"wp-block-file\"><a id=\"wp-block-file--media-fdfa8ff3-7f42-4bc6-9763-d749eaf80863\" href=\"https:\/\/selder.com\/wp-content\/uploads\/2022\/11\/TECHNICAL-DATASHEET-SELDER-LINSEED-OIL-PAINT-C-BASE-HALF-SHEEN-18.3.2021.pdf\">LINSEED OIL PAINT C-BASE HALF SHEEN<\/a><a href=\"https:\/\/selder.com\/wp-content\/uploads\/2022\/11\/TECHNICAL-DATASHEET-SELDER-LINSEED-OIL-PAINT-C-BASE-HALF-SHEEN-18.3.2021.pdf\" class=\"wp-block-file__button\" download aria-describedby=\"wp-block-file--media-fdfa8ff3-7f42-4bc6-9763-d749eaf80863\">Download<\/a><\/div>\n\n\n\n<div style=\"height:40px\" aria-hidden=\"true\" class=\"wp-block-spacer\"><\/div>\n\n\n\n<h2 class=\"has-text-align-left wp-block-heading\">Soap<\/h2>\n\n\n\n<p class=\"has-text-align-left\">Here you will find technical data sheets with specific instructions for use for our soaps. Feel free to contact us with questions.<\/p>\n\n\n\n<div class=\"wp-block-buttons is-layout-flex wp-block-buttons-is-layout-flex\">\n<div class=\"wp-block-button\"><a class=\"wp-block-button__link\" href=\"https:\/\/selderco.com\/products\/soaps\/\">Soaps<\/a><\/div>\n<\/div>\n\n\n\n<div class=\"wp-block-file\"><a id=\"wp-block-file--media-956c7f78-90e2-4ccb-8831-46bd7eef654d\" href=\"https:\/\/selder.com\/wp-content\/uploads\/2022\/11\/TECHNICAL-DATASHEET-SELDER-FLOOR-SOFT-SOAP-7.5.2021.pdf\">FLOOR SOFT SOAP<\/a><a href=\"https:\/\/selder.com\/wp-content\/uploads\/2022\/11\/TECHNICAL-DATASHEET-SELDER-FLOOR-SOFT-SOAP-7.5.2021.pdf\" class=\"wp-block-file__button\" download aria-describedby=\"wp-block-file--media-956c7f78-90e2-4ccb-8831-46bd7eef654d\">Download<\/a><\/div>\n\n\n\n<div class=\"wp-block-file\"><a id=\"wp-block-file--media-3fa61130-d852-4f6a-b105-fa0f443f84f0\" href=\"https:\/\/selder.com\/wp-content\/uploads\/2022\/11\/TECHNICAL-DATASHEET-SELDER-STRONG-SOFT-SOAP-7.5.2021.pdf\">STRONG SOFT SOAP<\/a><a href=\"https:\/\/selder.com\/wp-content\/uploads\/2022\/11\/TECHNICAL-DATASHEET-SELDER-STRONG-SOFT-SOAP-7.5.2021.pdf\" class=\"wp-block-file__button\" download aria-describedby=\"wp-block-file--media-3fa61130-d852-4f6a-b105-fa0f443f84f0\">Download<\/a><\/div>\n\n\n\n<div style=\"height:40px\" aria-hidden=\"true\" class=\"wp-block-spacer\"><\/div>\n\n\n\n<div class=\"wp-block-cover alignfull is-light\" style=\"min-height:451px;aspect-ratio:unset;\"><span aria-hidden=\"true\" class=\"has-background-dim-100 wp-block-cover__gradient-background has-background-dim\" style=\"background-color:#e8e8e8\"><\/span><div class=\"wp-block-cover__inner-container is-layout-flow wp-block-cover-is-layout-flow\">\n<div style=\"height:40px\" aria-hidden=\"true\" class=\"wp-block-spacer\"><\/div>\n\n\n\n<p class=\"has-text-align-center has-black-color has-text-color has-large-font-size\">Do you want us to call you?<\/p>\n\n\n<style>:root {--form-width: 400px;--form-min-height: 60px;--form-padding-tb: 10px;--form-padding-lr: 20px;--form-background-color: #ffffff;--form-border-color: #bfbfbf;--form-border-width: 0px;--form-border-radius: 3px;}<\/style><div class=\"gimlit-form\"><form class=\"gimlit_form\" id=\"form_2056\" data-id=\"2056\" data-success=\"Tack. Vi kontaktar dig inom kort.\" data-fail=\"N\u00e5got gick fell Se g\u00e4rna \u00f6ver alla f\u00e4lt och testa igen.\"><label for=\"gimlit_form_2056_0\" aria-label=\"Namn\"><\/label><input  class=\"\"type=\"text\" id=\"gimlit_form_2056_0\" name=\"form_0\" placeholder=\"Namn\"><label for=\"gimlit_form_2056_1\" aria-label=\"Hur vill du bli kontaktad?\" style='display: none; margin-bottom: -10px;'>Hur vill du bli kontaktad?<\/label><select  class=\"\" name=\"form_1\" id=\"gimlit_form_2056_1\" placeholder=\"Hur vill du bli kontaktad?\"><option disabled selected>Hur vill du bli kontaktad?<\/option><option value=\"Telefon\">Telefon<\/option><option value=\" E-post\"> E-post<\/option><\/select><label for=\"gimlit_form_2056_2\" aria-label=\"E-post\"><\/label><input  class=\"\" type=\"email\" id=\"gimlit_form_2056_2\" name=\"form_2\" placeholder=\"E-post\"><label for=\"gimlit_form_2056_3\" aria-label=\"Telefon\"><\/label><input class=\"\" type=\"tel\" id=\"gimlit_form_2056_3\" name=\"form_3\" placeholder=\"Telefon\"><label for=\"gimlit_form_2056_4\" aria-label=\"Meddelande\"><\/label><textarea class=\"\" rows=\"6\" id=\"gimlit_form_2056_4\" name=\"form_4\" placeholder=\"Meddelande\"><\/textarea><input type=\"email\" class=\"confirm-email\" id=\"gimlit_form_2056_5\" name=\"form_5\" placeholder=\"Confirm E-mail\"><div class='submit'><input type=\"submit\" value=\"Skicka!\"><\/div><\/form><\/div>\n\n\n\n<div style=\"height:40px\" aria-hidden=\"true\" class=\"wp-block-spacer\"><\/div>\n<\/div><\/div>\n","protected":false},"excerpt":{"rendered":"<p>Linseed oil Here you will find technical data sheets with specific instructions for use for our linseed oils. Feel free to contact us with questions. Shellac Here you will find a technical data sheet with instructions for use for our shellac. Feel free to contact us with questions. Linseed oil paint Here you will find [&hellip;]<\/p>\n","protected":false},"author":5,"featured_media":5201,"parent":0,"menu_order":0,"comment_status":"closed","ping_status":"closed","template":"","meta":{"_acf_changed":false,"_editorskit_title_hidden":false,"_editorskit_reading_time":1,"_editorskit_is_block_options_detached":false,"_editorskit_block_options_position":"{}","footnotes":""},"class_list":["post-5911","page","type-page","status-publish","has-post-thumbnail","hentry"],"acf":[],"yoast_head":"<!-- This site is optimized with the Yoast SEO plugin v27.2 - https:\/\/yoast.com\/product\/yoast-seo-wordpress\/ -->\n<title>Technical data sheets - Instructions for use for linseed oil and linseed oil paint<\/title>\n<meta name=\"description\" content=\"Here you can download and read specific instructions for use for our linseed oils, linseed oil paints and Shellac. Feel free to contact us with questions.\" \/>\n<meta name=\"robots\" content=\"index, follow, max-snippet:-1, max-image-preview:large, max-video-preview:-1\" \/>\n<link rel=\"canonical\" href=\"https:\/\/selder.com\/en\/technical-data-sheets\/\" \/>\n<meta property=\"og:locale\" content=\"en_US\" \/>\n<meta property=\"og:type\" content=\"article\" \/>\n<meta property=\"og:title\" content=\"Technical data sheets - Instructions for use for linseed oil and linseed oil paint\" \/>\n<meta property=\"og:description\" content=\"Here you can download and read specific instructions for use for our linseed oils, linseed oil paints and Shellac. Feel free to contact us with questions.\" \/>\n<meta property=\"og:url\" content=\"https:\/\/selder.com\/en\/technical-data-sheets\/\" \/>\n<meta property=\"og:site_name\" content=\"Selder och Company - Linolja\" \/>\n<meta property=\"article:modified_time\" content=\"2022-11-22T10:47:00+00:00\" \/>\n<meta property=\"og:image\" content=\"https:\/\/selder.com\/wp-content\/uploads\/2022\/09\/nock-timmerstuga-oljad-med-selder-linolja.jpg\" \/>\n\t<meta property=\"og:image:width\" content=\"1100\" \/>\n\t<meta property=\"og:image:height\" content=\"733\" \/>\n\t<meta property=\"og:image:type\" content=\"image\/jpeg\" \/>\n<meta name=\"twitter:card\" content=\"summary_large_image\" \/>\n<meta name=\"twitter:label1\" content=\"Est. reading time\" \/>\n\t<meta name=\"twitter:data1\" content=\"2 minutes\" \/>\n<script type=\"application\/ld+json\" class=\"yoast-schema-graph\">{\"@context\":\"https:\/\/schema.org\",\"@graph\":[{\"@type\":\"WebPage\",\"@id\":\"https:\/\/selder.com\/en\/technical-data-sheets\/\",\"url\":\"https:\/\/selder.com\/en\/technical-data-sheets\/\",\"name\":\"Technical data sheets - Instructions for use for linseed oil and linseed oil paint\",\"isPartOf\":{\"@id\":\"https:\/\/selder.com\/en\/#website\"},\"primaryImageOfPage\":{\"@id\":\"https:\/\/selder.com\/en\/technical-data-sheets\/#primaryimage\"},\"image\":{\"@id\":\"https:\/\/selder.com\/en\/technical-data-sheets\/#primaryimage\"},\"thumbnailUrl\":\"https:\/\/selder.com\/wp-content\/uploads\/2022\/09\/nock-timmerstuga-oljad-med-selder-linolja.jpg\",\"datePublished\":\"2022-09-13T13:50:29+00:00\",\"dateModified\":\"2022-11-22T10:47:00+00:00\",\"description\":\"Here you can download and read specific instructions for use for our linseed oils, linseed oil paints and Shellac. Feel free to contact us with questions.\",\"inLanguage\":\"en-US\",\"potentialAction\":[{\"@type\":\"ReadAction\",\"target\":[\"https:\/\/selder.com\/en\/technical-data-sheets\/\"]}]},{\"@type\":\"ImageObject\",\"inLanguage\":\"en-US\",\"@id\":\"https:\/\/selder.com\/en\/technical-data-sheets\/#primaryimage\",\"url\":\"https:\/\/selder.com\/wp-content\/uploads\/2022\/09\/nock-timmerstuga-oljad-med-selder-linolja.jpg\",\"contentUrl\":\"https:\/\/selder.com\/wp-content\/uploads\/2022\/09\/nock-timmerstuga-oljad-med-selder-linolja.jpg\",\"width\":1100,\"height\":733,\"caption\":\"Stuga\"},{\"@type\":\"WebSite\",\"@id\":\"https:\/\/selder.com\/en\/#website\",\"url\":\"https:\/\/selder.com\/en\/\",\"name\":\"Selder och Company - Linolja\",\"description\":\"\",\"publisher\":{\"@id\":\"https:\/\/selder.com\/en\/#organization\"},\"potentialAction\":[{\"@type\":\"SearchAction\",\"target\":{\"@type\":\"EntryPoint\",\"urlTemplate\":\"https:\/\/selder.com\/en\/?s={search_term_string}\"},\"query-input\":{\"@type\":\"PropertyValueSpecification\",\"valueRequired\":true,\"valueName\":\"search_term_string\"}}],\"inLanguage\":\"en-US\"},{\"@type\":\"Organization\",\"@id\":\"https:\/\/selder.com\/en\/#organization\",\"name\":\"Selder & Co\",\"url\":\"https:\/\/selder.com\/en\/\",\"logo\":{\"@type\":\"ImageObject\",\"inLanguage\":\"en-US\",\"@id\":\"https:\/\/selder.com\/en\/#\/schema\/logo\/image\/\",\"url\":\"https:\/\/selder.weblidemo.se\/wp-content\/uploads\/2022\/09\/cropped-Logo_large.png\",\"contentUrl\":\"https:\/\/selder.weblidemo.se\/wp-content\/uploads\/2022\/09\/cropped-Logo_large.png\",\"width\":709,\"height\":709,\"caption\":\"Selder & Co\"},\"image\":{\"@id\":\"https:\/\/selder.com\/en\/#\/schema\/logo\/image\/\"}}]}<\/script>\n<!-- \/ Yoast SEO plugin. -->","yoast_head_json":{"title":"Technical data sheets - Instructions for use for linseed oil and linseed oil paint","description":"Here you can download and read specific instructions for use for our linseed oils, linseed oil paints and Shellac. Feel free to contact us with questions.","robots":{"index":"index","follow":"follow","max-snippet":"max-snippet:-1","max-image-preview":"max-image-preview:large","max-video-preview":"max-video-preview:-1"},"canonical":"https:\/\/selder.com\/en\/technical-data-sheets\/","og_locale":"en_US","og_type":"article","og_title":"Technical data sheets - Instructions for use for linseed oil and linseed oil paint","og_description":"Here you can download and read specific instructions for use for our linseed oils, linseed oil paints and Shellac. Feel free to contact us with questions.","og_url":"https:\/\/selder.com\/en\/technical-data-sheets\/","og_site_name":"Selder och Company - Linolja","article_modified_time":"2022-11-22T10:47:00+00:00","og_image":[{"width":1100,"height":733,"url":"https:\/\/selder.com\/wp-content\/uploads\/2022\/09\/nock-timmerstuga-oljad-med-selder-linolja.jpg","type":"image\/jpeg"}],"twitter_card":"summary_large_image","twitter_misc":{"Est. reading time":"2 minutes"},"schema":{"@context":"https:\/\/schema.org","@graph":[{"@type":"WebPage","@id":"https:\/\/selder.com\/en\/technical-data-sheets\/","url":"https:\/\/selder.com\/en\/technical-data-sheets\/","name":"Technical data sheets - Instructions for use for linseed oil and linseed oil paint","isPartOf":{"@id":"https:\/\/selder.com\/en\/#website"},"primaryImageOfPage":{"@id":"https:\/\/selder.com\/en\/technical-data-sheets\/#primaryimage"},"image":{"@id":"https:\/\/selder.com\/en\/technical-data-sheets\/#primaryimage"},"thumbnailUrl":"https:\/\/selder.com\/wp-content\/uploads\/2022\/09\/nock-timmerstuga-oljad-med-selder-linolja.jpg","datePublished":"2022-09-13T13:50:29+00:00","dateModified":"2022-11-22T10:47:00+00:00","description":"Here you can download and read specific instructions for use for our linseed oils, linseed oil paints and Shellac. Feel free to contact us with questions.","inLanguage":"en-US","potentialAction":[{"@type":"ReadAction","target":["https:\/\/selder.com\/en\/technical-data-sheets\/"]}]},{"@type":"ImageObject","inLanguage":"en-US","@id":"https:\/\/selder.com\/en\/technical-data-sheets\/#primaryimage","url":"https:\/\/selder.com\/wp-content\/uploads\/2022\/09\/nock-timmerstuga-oljad-med-selder-linolja.jpg","contentUrl":"https:\/\/selder.com\/wp-content\/uploads\/2022\/09\/nock-timmerstuga-oljad-med-selder-linolja.jpg","width":1100,"height":733,"caption":"Stuga"},{"@type":"WebSite","@id":"https:\/\/selder.com\/en\/#website","url":"https:\/\/selder.com\/en\/","name":"Selder och Company - Linolja","description":"","publisher":{"@id":"https:\/\/selder.com\/en\/#organization"},"potentialAction":[{"@type":"SearchAction","target":{"@type":"EntryPoint","urlTemplate":"https:\/\/selder.com\/en\/?s={search_term_string}"},"query-input":{"@type":"PropertyValueSpecification","valueRequired":true,"valueName":"search_term_string"}}],"inLanguage":"en-US"},{"@type":"Organization","@id":"https:\/\/selder.com\/en\/#organization","name":"Selder & Co","url":"https:\/\/selder.com\/en\/","logo":{"@type":"ImageObject","inLanguage":"en-US","@id":"https:\/\/selder.com\/en\/#\/schema\/logo\/image\/","url":"https:\/\/selder.weblidemo.se\/wp-content\/uploads\/2022\/09\/cropped-Logo_large.png","contentUrl":"https:\/\/selder.weblidemo.se\/wp-content\/uploads\/2022\/09\/cropped-Logo_large.png","width":709,"height":709,"caption":"Selder & Co"},"image":{"@id":"https:\/\/selder.com\/en\/#\/schema\/logo\/image\/"}}]}},"_links":{"self":[{"href":"https:\/\/selder.com\/en\/wp-json\/wp\/v2\/pages\/5911","targetHints":{"allow":["GET"]}}],"collection":[{"href":"https:\/\/selder.com\/en\/wp-json\/wp\/v2\/pages"}],"about":[{"href":"https:\/\/selder.com\/en\/wp-json\/wp\/v2\/types\/page"}],"author":[{"embeddable":true,"href":"https:\/\/selder.com\/en\/wp-json\/wp\/v2\/users\/5"}],"replies":[{"embeddable":true,"href":"https:\/\/selder.com\/en\/wp-json\/wp\/v2\/comments?post=5911"}],"version-history":[{"count":0,"href":"https:\/\/selder.com\/en\/wp-json\/wp\/v2\/pages\/5911\/revisions"}],"wp:featuredmedia":[{"embeddable":true,"href":"https:\/\/selder.com\/en\/wp-json\/wp\/v2\/media\/5201"}],"wp:attachment":[{"href":"https:\/\/selder.com\/en\/wp-json\/wp\/v2\/media?parent=5911"}],"curies":[{"name":"wp","href":"https:\/\/api.w.org\/{rel}","templated":true}]}}