{"id":5919,"date":"2020-08-12T09:51:40","date_gmt":"2020-08-12T07:51:40","guid":{"rendered":"https:\/\/selder.com\/products\/"},"modified":"2022-11-24T13:33:43","modified_gmt":"2022-11-24T12:33:43","slug":"products","status":"publish","type":"page","link":"https:\/\/selder.com\/en\/products\/","title":{"rendered":"Products"},"content":{"rendered":"\n<div class=\"wp-block-cover alignfull\" style=\"min-height:350px;aspect-ratio:unset;\"><span aria-hidden=\"true\" class=\"has-background-dim-60 wp-block-cover__gradient-background has-background-dim\"><\/span><img fetchpriority=\"high\" decoding=\"async\" width=\"1100\" height=\"733\" class=\"wp-block-cover__image-background wp-image-4121\" alt=\"N\u00e4rbild p\u00e5 f\u00e4ltlinblommor\" src=\"https:\/\/selderco.com\/wp-content\/uploads\/2022\/09\/faltlinblomma-i-handen-pa-selder.jpg\" style=\"object-position:48% 63%\" data-object-fit=\"cover\" data-object-position=\"48% 63%\" srcset=\"https:\/\/selder.com\/wp-content\/uploads\/2022\/09\/faltlinblomma-i-handen-pa-selder.jpg 1100w, https:\/\/selder.com\/wp-content\/uploads\/2022\/09\/faltlinblomma-i-handen-pa-selder-300x200.jpg 300w, https:\/\/selder.com\/wp-content\/uploads\/2022\/09\/faltlinblomma-i-handen-pa-selder-600x400.jpg 600w, https:\/\/selder.com\/wp-content\/uploads\/2022\/09\/faltlinblomma-i-handen-pa-selder-1024x682.jpg 1024w, https:\/\/selder.com\/wp-content\/uploads\/2022\/09\/faltlinblomma-i-handen-pa-selder-768x512.jpg 768w\" sizes=\"(max-width: 1100px) 100vw, 1100px\" \/><div class=\"wp-block-cover__inner-container is-layout-flow wp-block-cover-is-layout-flow\">\n<h1 class=\"has-text-align-center wp-block-heading\">Our products<\/h1>\n\n\n\n<p class=\"has-text-align-center\">Our linseed oils and linseed oil paints maintain high quality and leave the treated surface fine and durable<\/p>\n<\/div><\/div>\n\n\n\n<div style=\"height:40px\" aria-hidden=\"true\" class=\"wp-block-spacer\"><\/div>\n\n\n\n<h2 class=\"has-text-align-center wp-block-heading\">Do you need our services?<\/h2>\n\n\n\n<p class=\"has-text-align-center\">Our oils and paints are maintainable, i.e., surfaces treated with them stay durable and fine with simple maintenance measures without having to redo the work from the beginning.<\/p>\n\n\n\n<div class=\"wp-block-buttons is-horizontal is-content-justification-center is-layout-flex wp-container-core-buttons-is-layout-03627597 wp-block-buttons-is-layout-flex\">\n<div class=\"wp-block-button\"><a class=\"wp-block-button__link\">Contact Us<\/a><\/div>\n<\/div>\n\n\n\n<div style=\"height:40px\" aria-hidden=\"true\" class=\"wp-block-spacer\"><\/div>\n\n\n\n<div class=\"wp-block-columns alignwide are-vertically-aligned-center is-layout-flex wp-container-core-columns-is-layout-28f84493 wp-block-columns-is-layout-flex\">\n<div class=\"wp-block-column is-vertically-aligned-center is-layout-flow wp-block-column-is-layout-flow\">\n<div class=\"wp-block-image size-large is-style-editorskit-rounded has-shadow rounded-corners\"><figure class=\"aligncenter size-large\"><img decoding=\"async\" width=\"1024\" height=\"682\" src=\"https:\/\/selderco.com\/wp-content\/uploads\/2022\/09\/timmerstuga-inoljad-med-linolja-1024x682.jpg\" alt=\"Log cabin to be oiled and repainted with linseed oil\" class=\"wp-image-4153\" srcset=\"https:\/\/selder.com\/wp-content\/uploads\/2022\/09\/timmerstuga-inoljad-med-linolja-1024x682.jpg 1024w, https:\/\/selder.com\/wp-content\/uploads\/2022\/09\/timmerstuga-inoljad-med-linolja-300x200.jpg 300w, https:\/\/selder.com\/wp-content\/uploads\/2022\/09\/timmerstuga-inoljad-med-linolja-600x400.jpg 600w, https:\/\/selder.com\/wp-content\/uploads\/2022\/09\/timmerstuga-inoljad-med-linolja-768x512.jpg 768w, https:\/\/selder.com\/wp-content\/uploads\/2022\/09\/timmerstuga-inoljad-med-linolja.jpg 1100w\" sizes=\"(max-width: 1024px) 100vw, 1024px\" \/><\/figure><\/div>\n\n\n\n<div style=\"height:20px\" aria-hidden=\"true\" class=\"wp-block-spacer\"><\/div>\n\n\n\n<h3 class=\"has-text-align-center has-black-color has-text-color wp-block-heading\">Linseed oil<\/h3>\n\n\n\n<p class=\"has-text-align-center\">Our linseed oils are completely maintainable. You can easily ensure that surfaces treated with these continue to be durable and beautiful. This without having to redo the work from scratch.<\/p>\n\n\n\n<div class=\"wp-block-buttons is-content-justification-center is-layout-flex wp-container-core-buttons-is-layout-a89b3969 wp-block-buttons-is-layout-flex\">\n<div class=\"wp-block-button\"><a class=\"wp-block-button__link\" href=\"https:\/\/selderco.com\/products\/linseed-oils\/\">Linseed oil<\/a><\/div>\n<\/div>\n<\/div>\n\n\n\n<div class=\"wp-block-column is-vertically-aligned-center is-layout-flow wp-block-column-is-layout-flow\">\n<div class=\"wp-block-image size-large is-style-editorskit-rounded has-shadow rounded-corners\"><figure class=\"aligncenter size-large\"><img decoding=\"async\" src=\"https:\/\/selderco.com\/wp-content\/uploads\/2022\/09\/hus-malat-med-rod-linoljefarg-1024x682.jpg\" alt=\"Big red house painted with linseed oil paint from Selder and Co\" class=\"wp-image-4125\"\/><\/figure><\/div>\n\n\n\n<div style=\"height:20px\" aria-hidden=\"true\" class=\"wp-block-spacer\"><\/div>\n\n\n\n<h3 class=\"has-text-align-center has-black-color has-text-color wp-block-heading\">Linseed oil paint<\/h3>\n\n\n\n<p class=\"has-text-align-center\">Selder linseed oil paints are durable and work both indoors and outdoors on all surfaces, from wood to metal. The colors are available as a zinc-based primer, semi-gloss and semi-matt finishing paint as well as white, A-, B- and C-base for breaking. <\/p>\n\n\n\n<div class=\"wp-block-buttons is-content-justification-center is-layout-flex wp-container-core-buttons-is-layout-a89b3969 wp-block-buttons-is-layout-flex\">\n<div class=\"wp-block-button\"><a class=\"wp-block-button__link\" href=\"https:\/\/selderco.com\/products\/linseed-oil-paints\/\">Linseed oil paint<\/a><\/div>\n<\/div>\n<\/div>\n<\/div>\n\n\n\n<div class=\"wp-block-columns alignwide are-vertically-aligned-center is-layout-flex wp-container-core-columns-is-layout-28f84493 wp-block-columns-is-layout-flex\">\n<div class=\"wp-block-column is-vertically-aligned-center is-layout-flow wp-block-column-is-layout-flow\">\n<div class=\"wp-block-image size-large is-style-editorskit-rounded has-shadow rounded-corners\"><figure class=\"aligncenter size-full is-resized\"><img decoding=\"async\" src=\"https:\/\/selderco.com\/wp-content\/uploads\/2022\/09\/golvsapa-linoljesapa-skyddande-tvallager-tragolv.jpg\" alt=\"Floor soap which is a linseed oil soap with a protective soap layer for wooden floors\" class=\"wp-image-3779\" width=\"382\" height=\"467\" srcset=\"https:\/\/selder.com\/wp-content\/uploads\/2022\/09\/golvsapa-linoljesapa-skyddande-tvallager-tragolv.jpg 764w, https:\/\/selder.com\/wp-content\/uploads\/2022\/09\/golvsapa-linoljesapa-skyddande-tvallager-tragolv-300x366.jpg 300w, https:\/\/selder.com\/wp-content\/uploads\/2022\/09\/golvsapa-linoljesapa-skyddande-tvallager-tragolv-600x733.jpg 600w\" sizes=\"(max-width: 382px) 100vw, 382px\" \/><\/figure><\/div>\n\n\n\n<div style=\"height:20px\" aria-hidden=\"true\" class=\"wp-block-spacer\"><\/div>\n\n\n\n<h3 class=\"has-text-align-center has-black-color has-text-color wp-block-heading\">Soft soaps<\/h3>\n\n\n\n<p class=\"has-text-align-center\">In our range of soaps there are two different high-quality soaps. Selder floor soap for wooden floors and Selder coarse soap that effectively dissolves grease on different types of materials. <\/p>\n\n\n\n<div class=\"wp-block-buttons is-content-justification-center is-layout-flex wp-container-core-buttons-is-layout-a89b3969 wp-block-buttons-is-layout-flex\">\n<div class=\"wp-block-button\"><a class=\"wp-block-button__link\" href=\"https:\/\/selderco.com\/products\/soaps\/\">Soaps<\/a><\/div>\n<\/div>\n<\/div>\n\n\n\n<div class=\"wp-block-column is-vertically-aligned-center is-layout-flow wp-block-column-is-layout-flow\">\n<div class=\"wp-block-image size-large is-style-editorskit-rounded has-shadow rounded-corners\"><figure class=\"aligncenter size-full is-resized\"><img loading=\"lazy\" decoding=\"async\" src=\"https:\/\/selderco.com\/wp-content\/uploads\/2022\/09\/shellack-linolja-mot-missfargningar.jpg\" alt=\"seal twigs with celery shellac.\" class=\"wp-image-4099\" width=\"382\" height=\"420\" srcset=\"https:\/\/selder.com\/wp-content\/uploads\/2022\/09\/shellack-linolja-mot-missfargningar.jpg 764w, https:\/\/selder.com\/wp-content\/uploads\/2022\/09\/shellack-linolja-mot-missfargningar-300x330.jpg 300w, https:\/\/selder.com\/wp-content\/uploads\/2022\/09\/shellack-linolja-mot-missfargningar-600x660.jpg 600w, https:\/\/selder.com\/wp-content\/uploads\/2022\/09\/shellack-linolja-mot-missfargningar-273x300.jpg 273w\" sizes=\"(max-width: 382px) 100vw, 382px\" \/><\/figure><\/div>\n\n\n\n<div style=\"height:20px\" aria-hidden=\"true\" class=\"wp-block-spacer\"><\/div>\n\n\n\n<h3 class=\"has-text-align-center has-black-color has-text-color wp-block-heading\">Shellac<\/h3>\n\n\n\n<p class=\"has-text-align-center\">Our shellac fulfills important functions before painting wood, such as sealing twigs and resin runs before painting and hiding discoloration. Selder shellac has 99.5% alcohol as solvent for the absolute best results. <\/p>\n\n\n\n<div class=\"wp-block-buttons is-content-justification-center is-layout-flex wp-container-core-buttons-is-layout-a89b3969 wp-block-buttons-is-layout-flex\">\n<div class=\"wp-block-button\"><a class=\"wp-block-button__link\" href=\"https:\/\/selderco.com\/products\/shellac\/\">Shellac<\/a><\/div>\n<\/div>\n<\/div>\n<\/div>\n\n\n\n<div style=\"height:100px\" aria-hidden=\"true\" class=\"wp-block-spacer\"><\/div>\n","protected":false},"excerpt":{"rendered":"<p>Do you need our services? Our oils and paints are maintainable, i.e., surfaces treated with them stay durable and fine with simple maintenance measures without having to redo the work from the beginning. Linseed oil Our linseed oils are completely maintainable. You can easily ensure that surfaces treated with these continue to be durable and [&hellip;]<\/p>\n","protected":false},"author":5,"featured_media":5452,"parent":0,"menu_order":0,"comment_status":"closed","ping_status":"closed","template":"","meta":{"_acf_changed":false,"_editorskit_title_hidden":false,"_editorskit_reading_time":0,"_editorskit_is_block_options_detached":false,"_editorskit_block_options_position":"{}","footnotes":""},"class_list":["post-5919","page","type-page","status-publish","has-post-thumbnail","hentry"],"acf":[],"yoast_head":"<!-- This site is optimized with the Yoast SEO plugin v27.4 - https:\/\/yoast.com\/product\/yoast-seo-wordpress\/ -->\n<title>Our products are unique and of high quality - Read more here<\/title>\n<meta name=\"description\" content=\"Our products consist of linseed oil, linseed oil paint, soap and shellac. See our product range here. Feel free to contact us if you have any questions.\" \/>\n<meta name=\"robots\" content=\"index, follow, max-snippet:-1, max-image-preview:large, max-video-preview:-1\" \/>\n<link rel=\"canonical\" href=\"https:\/\/selder.com\/en\/products\/\" \/>\n<meta property=\"og:locale\" content=\"en_US\" \/>\n<meta property=\"og:type\" content=\"article\" \/>\n<meta property=\"og:title\" content=\"Our products are unique and of high quality - Read more here\" \/>\n<meta property=\"og:description\" content=\"Our products consist of linseed oil, linseed oil paint, soap and shellac. See our product range here. Feel free to contact us if you have any questions.\" \/>\n<meta property=\"og:url\" content=\"https:\/\/selder.com\/en\/products\/\" \/>\n<meta property=\"og:site_name\" content=\"Selder och Company - Linolja\" \/>\n<meta property=\"article:modified_time\" content=\"2022-11-24T12:33:43+00:00\" \/>\n<meta property=\"og:image\" content=\"https:\/\/selderco.com\/wp-content\/uploads\/2022\/09\/linoljefarg-burkar-.jpg\" \/>\n\t<meta property=\"og:image:width\" content=\"1100\" \/>\n\t<meta property=\"og:image:height\" content=\"733\" \/>\n\t<meta property=\"og:image:type\" content=\"image\/jpeg\" \/>\n<meta name=\"twitter:card\" content=\"summary_large_image\" \/>\n<meta name=\"twitter:label1\" content=\"Est. reading time\" \/>\n\t<meta name=\"twitter:data1\" content=\"3 minutes\" \/>\n<script type=\"application\/ld+json\" class=\"yoast-schema-graph\">{\"@context\":\"https:\\\/\\\/schema.org\",\"@graph\":[{\"@type\":\"WebPage\",\"@id\":\"https:\\\/\\\/selder.com\\\/en\\\/products\\\/\",\"url\":\"https:\\\/\\\/selder.com\\\/en\\\/products\\\/\",\"name\":\"Our products are unique and of high quality - Read more here\",\"isPartOf\":{\"@id\":\"https:\\\/\\\/selder.com\\\/en\\\/#website\"},\"primaryImageOfPage\":{\"@id\":\"https:\\\/\\\/selder.com\\\/en\\\/products\\\/#primaryimage\"},\"image\":{\"@id\":\"https:\\\/\\\/selder.com\\\/en\\\/products\\\/#primaryimage\"},\"thumbnailUrl\":\"https:\\\/\\\/selder.com\\\/wp-content\\\/uploads\\\/2022\\\/09\\\/linoljefarg-burkar-.jpg\",\"datePublished\":\"2020-08-12T07:51:40+00:00\",\"dateModified\":\"2022-11-24T12:33:43+00:00\",\"description\":\"Our products consist of linseed oil, linseed oil paint, soap and shellac. See our product range here. Feel free to contact us if you have any questions.\",\"inLanguage\":\"en-US\",\"potentialAction\":[{\"@type\":\"ReadAction\",\"target\":[\"https:\\\/\\\/selder.com\\\/en\\\/products\\\/\"]}]},{\"@type\":\"ImageObject\",\"inLanguage\":\"en-US\",\"@id\":\"https:\\\/\\\/selder.com\\\/en\\\/products\\\/#primaryimage\",\"url\":\"https:\\\/\\\/selder.com\\\/wp-content\\\/uploads\\\/2022\\\/09\\\/linoljefarg-burkar-.jpg\",\"contentUrl\":\"https:\\\/\\\/selder.com\\\/wp-content\\\/uploads\\\/2022\\\/09\\\/linoljefarg-burkar-.jpg\",\"width\":1100,\"height\":733,\"caption\":\"Linseed oil paint cans\"},{\"@type\":\"WebSite\",\"@id\":\"https:\\\/\\\/selder.com\\\/en\\\/#website\",\"url\":\"https:\\\/\\\/selder.com\\\/en\\\/\",\"name\":\"Selder och Company - Linolja\",\"description\":\"\",\"publisher\":{\"@id\":\"https:\\\/\\\/selder.com\\\/en\\\/#organization\"},\"potentialAction\":[{\"@type\":\"SearchAction\",\"target\":{\"@type\":\"EntryPoint\",\"urlTemplate\":\"https:\\\/\\\/selder.com\\\/en\\\/?s={search_term_string}\"},\"query-input\":{\"@type\":\"PropertyValueSpecification\",\"valueRequired\":true,\"valueName\":\"search_term_string\"}}],\"inLanguage\":\"en-US\"},{\"@type\":\"Organization\",\"@id\":\"https:\\\/\\\/selder.com\\\/en\\\/#organization\",\"name\":\"Selder & Co\",\"url\":\"https:\\\/\\\/selder.com\\\/en\\\/\",\"logo\":{\"@type\":\"ImageObject\",\"inLanguage\":\"en-US\",\"@id\":\"https:\\\/\\\/selder.com\\\/en\\\/#\\\/schema\\\/logo\\\/image\\\/\",\"url\":\"https:\\\/\\\/selder.weblidemo.se\\\/wp-content\\\/uploads\\\/2022\\\/09\\\/cropped-Logo_large.png\",\"contentUrl\":\"https:\\\/\\\/selder.weblidemo.se\\\/wp-content\\\/uploads\\\/2022\\\/09\\\/cropped-Logo_large.png\",\"width\":709,\"height\":709,\"caption\":\"Selder & Co\"},\"image\":{\"@id\":\"https:\\\/\\\/selder.com\\\/en\\\/#\\\/schema\\\/logo\\\/image\\\/\"}}]}<\/script>\n<!-- \/ Yoast SEO plugin. -->","yoast_head_json":{"title":"Our products are unique and of high quality - Read more here","description":"Our products consist of linseed oil, linseed oil paint, soap and shellac. See our product range here. Feel free to contact us if you have any questions.","robots":{"index":"index","follow":"follow","max-snippet":"max-snippet:-1","max-image-preview":"max-image-preview:large","max-video-preview":"max-video-preview:-1"},"canonical":"https:\/\/selder.com\/en\/products\/","og_locale":"en_US","og_type":"article","og_title":"Our products are unique and of high quality - Read more here","og_description":"Our products consist of linseed oil, linseed oil paint, soap and shellac. See our product range here. Feel free to contact us if you have any questions.","og_url":"https:\/\/selder.com\/en\/products\/","og_site_name":"Selder och Company - Linolja","article_modified_time":"2022-11-24T12:33:43+00:00","og_image":[{"width":1100,"height":733,"url":"https:\/\/selderco.com\/wp-content\/uploads\/2022\/09\/linoljefarg-burkar-.jpg","type":"image\/jpeg"}],"twitter_card":"summary_large_image","twitter_misc":{"Est. reading time":"3 minutes"},"schema":{"@context":"https:\/\/schema.org","@graph":[{"@type":"WebPage","@id":"https:\/\/selder.com\/en\/products\/","url":"https:\/\/selder.com\/en\/products\/","name":"Our products are unique and of high quality - Read more here","isPartOf":{"@id":"https:\/\/selder.com\/en\/#website"},"primaryImageOfPage":{"@id":"https:\/\/selder.com\/en\/products\/#primaryimage"},"image":{"@id":"https:\/\/selder.com\/en\/products\/#primaryimage"},"thumbnailUrl":"https:\/\/selder.com\/wp-content\/uploads\/2022\/09\/linoljefarg-burkar-.jpg","datePublished":"2020-08-12T07:51:40+00:00","dateModified":"2022-11-24T12:33:43+00:00","description":"Our products consist of linseed oil, linseed oil paint, soap and shellac. See our product range here. Feel free to contact us if you have any questions.","inLanguage":"en-US","potentialAction":[{"@type":"ReadAction","target":["https:\/\/selder.com\/en\/products\/"]}]},{"@type":"ImageObject","inLanguage":"en-US","@id":"https:\/\/selder.com\/en\/products\/#primaryimage","url":"https:\/\/selder.com\/wp-content\/uploads\/2022\/09\/linoljefarg-burkar-.jpg","contentUrl":"https:\/\/selder.com\/wp-content\/uploads\/2022\/09\/linoljefarg-burkar-.jpg","width":1100,"height":733,"caption":"Linseed oil paint cans"},{"@type":"WebSite","@id":"https:\/\/selder.com\/en\/#website","url":"https:\/\/selder.com\/en\/","name":"Selder och Company - Linolja","description":"","publisher":{"@id":"https:\/\/selder.com\/en\/#organization"},"potentialAction":[{"@type":"SearchAction","target":{"@type":"EntryPoint","urlTemplate":"https:\/\/selder.com\/en\/?s={search_term_string}"},"query-input":{"@type":"PropertyValueSpecification","valueRequired":true,"valueName":"search_term_string"}}],"inLanguage":"en-US"},{"@type":"Organization","@id":"https:\/\/selder.com\/en\/#organization","name":"Selder & Co","url":"https:\/\/selder.com\/en\/","logo":{"@type":"ImageObject","inLanguage":"en-US","@id":"https:\/\/selder.com\/en\/#\/schema\/logo\/image\/","url":"https:\/\/selder.weblidemo.se\/wp-content\/uploads\/2022\/09\/cropped-Logo_large.png","contentUrl":"https:\/\/selder.weblidemo.se\/wp-content\/uploads\/2022\/09\/cropped-Logo_large.png","width":709,"height":709,"caption":"Selder & Co"},"image":{"@id":"https:\/\/selder.com\/en\/#\/schema\/logo\/image\/"}}]}},"_links":{"self":[{"href":"https:\/\/selder.com\/en\/wp-json\/wp\/v2\/pages\/5919","targetHints":{"allow":["GET"]}}],"collection":[{"href":"https:\/\/selder.com\/en\/wp-json\/wp\/v2\/pages"}],"about":[{"href":"https:\/\/selder.com\/en\/wp-json\/wp\/v2\/types\/page"}],"author":[{"embeddable":true,"href":"https:\/\/selder.com\/en\/wp-json\/wp\/v2\/users\/5"}],"replies":[{"embeddable":true,"href":"https:\/\/selder.com\/en\/wp-json\/wp\/v2\/comments?post=5919"}],"version-history":[{"count":0,"href":"https:\/\/selder.com\/en\/wp-json\/wp\/v2\/pages\/5919\/revisions"}],"wp:featuredmedia":[{"embeddable":true,"href":"https:\/\/selder.com\/en\/wp-json\/wp\/v2\/media\/5452"}],"wp:attachment":[{"href":"https:\/\/selder.com\/en\/wp-json\/wp\/v2\/media?parent=5919"}],"curies":[{"name":"wp","href":"https:\/\/api.w.org\/{rel}","templated":true}]}}