{"id":5947,"date":"2022-09-15T11:22:33","date_gmt":"2022-09-15T09:22:33","guid":{"rendered":"https:\/\/selder.com\/products\/wood\/"},"modified":"2022-10-19T15:46:45","modified_gmt":"2022-10-19T13:46:45","slug":"wood","status":"publish","type":"page","link":"https:\/\/selder.com\/en\/products\/wood\/","title":{"rendered":"Wood"},"content":{"rendered":"\n<div class=\"wp-block-cover alignfull is-light\" style=\"min-height:350px;aspect-ratio:unset;\"><span aria-hidden=\"true\" class=\"has-background-dim-30 wp-block-cover__gradient-background has-background-dim\"><\/span><img fetchpriority=\"high\" decoding=\"async\" width=\"475\" height=\"475\" class=\"wp-block-cover__image-background wp-image-3899\" alt=\"Impregnera d\u00f6rrar med Selders gundolja f\u00f6r \u00f6kad formstabilitet.\" src=\"https:\/\/selderco.com\/wp-content\/uploads\/2022\/09\/impregnera-med-grundolja-for-formstabilitet.jpg\" style=\"object-position:50% 41%\" data-object-fit=\"cover\" data-object-position=\"50% 41%\" srcset=\"https:\/\/selder.com\/wp-content\/uploads\/2022\/09\/impregnera-med-grundolja-for-formstabilitet.jpg 475w, https:\/\/selder.com\/wp-content\/uploads\/2022\/09\/impregnera-med-grundolja-for-formstabilitet-300x300.jpg 300w, https:\/\/selder.com\/wp-content\/uploads\/2022\/09\/impregnera-med-grundolja-for-formstabilitet-100x100.jpg 100w\" sizes=\"(max-width: 475px) 100vw, 475px\" \/><div class=\"wp-block-cover__inner-container is-layout-flow wp-block-cover-is-layout-flow\">\n<h1 class=\"alignwide has-text-align-left has-white-color has-text-color wp-block-heading\">Wood<\/h1>\n<\/div><\/div>\n\n<div style=\"height:39px\" aria-hidden=\"true\" class=\"wp-block-spacer\"><\/div>\n\n<div class=\"wp-block-group alignwide is-layout-flow wp-block-group-is-layout-flow\">\n<h2 class=\"has-text-align-left wp-block-heading\"><strong>SELDER MODIFIED WOOD <\/strong><\/h2>\n\n\n\n<p class=\"has-text-align-left\"><meta charset=\"utf-8\"\/><\/p>\n\n\n\n<p>Selder &amp; Company AB&#8217;s chairman of the board and main shareholder Mikkel Selder developed in the 1990s the Mikkel Selder method for deep impregnation of wood with the linseed oil derivative he developed, today &#8220;Impregnation oil RLO1500&#8221;.<\/p>\n\n\n\n<p>Mikkel Selder The method involves sequences of different temperatures and pressures, through which the oil penetrates the wood and the amount of oil absorbed is controlled to the desired level.<\/p>\n\n\n\n<div class=\"wp-block-buttons is-horizontal is-content-justification-left is-layout-flex wp-container-core-buttons-is-layout-20be11b6 wp-block-buttons-is-layout-flex\">\n<div class=\"wp-block-button\"><a class=\"wp-block-button__link\">Contact Us<\/a><\/div>\n<\/div>\n\n\n\n<div style=\"height:20px\" aria-hidden=\"true\" class=\"wp-block-spacer\"><\/div>\n\n\n\n<h2 class=\"wp-block-heading\"><strong>LICENSED IMPREGNATORS<\/strong><\/h2>\n\n\n\n<p>Selder &amp; Company AB manufactures Selder oils and linseed oil paints and licenses the Mikkel Selder Method to trusted companies.<\/p>\n\n\n\n<p>Licensee is today<br\/>Ecotimber in Ransta AB, <a href=\"https:\/\/www.ecotimber.se\/\" rel=\"noreferrer noopener\" target=\"_blank\">www.ecotimber.se<\/a><br\/>Linwood AB, <a href=\"https:\/\/www.linwood.se\/\">www.linwood.se<\/a> <\/p>\n\n\n\n<div style=\"height:20px\" aria-hidden=\"true\" class=\"wp-block-spacer\"><\/div>\n\n\n\n<h2 class=\"wp-block-heading\"><strong>MILESTONES<\/strong><\/h2>\n\n\n\n<p><strong>With the Mikkel Selder Method<\/strong><\/p>\n\n\n\n<ul class=\"wp-block-list\"><li>has spruce wood of rough dimensions impregnated to the core<\/li><li>impregnated pine sapwood has remained free from rot and insect damage since it has been in the soil and in the soil band for 23 years, from 1994 to 2017 in the Swedish University of Agriculture&#8217;s test field in Siml\u00e5ngsdalen.<\/li><li>impregnated sample pieces of pine have shown better resistance to rot in rotting chamber tests than the effective but currently banned rot protection agent CCA, copper-chromium-arsenic.<\/li><li>Impregnated pine rods have, in their own tests, shown twice as much bending strength as non-impregnated ones.<\/li><\/ul>\n\n\n\n<div style=\"height:20px\" aria-hidden=\"true\" class=\"wp-block-spacer\"><\/div>\n\n\n\n<h2 class=\"wp-block-heading\"><strong>TECHNICALLY<\/strong><\/h2>\n\n\n\n<p>Impregnation oil RLO1500 consists entirely of unsaturated fatty acids of linseed oil which &#8220;dry&#8221; by forming polymers, i.e. molecular chains, with the oxygen of the air. All other constituents of the linseed oil have been removed by refining.<br\/>RLO1500 withstands the high temperatures of the autoclave, is water-repellent and non-biodegradable, i.e. cannot be assimilated by insects, fungi or microbes.<br\/>Read more under <a href=\"https:\/\/selderco.com\/technology\/\" target=\"_blank\" aria-label=\" (opens in a new tab)\" rel=\"noreferrer noopener\" class=\"ek-link\">TECHNOLOGY<\/a>.<\/p>\n\n\n\n<div style=\"height:20px\" aria-hidden=\"true\" class=\"wp-block-spacer\"><\/div>\n\n\n\n<h2 class=\"wp-block-heading\"><strong>With the Mikkel Selder Method, you can:<\/strong><\/h2>\n\n\n\n<ul class=\"wp-block-list\"><li>The RLO1500 oil is made to penetrate right to the core of all types of wood and timber dimensions.<\/li><li>the absorption of oil is precisely controlled; higher uptake for the most demanding applications and lower but sufficient for applications where economy is important.<\/li><li>the absorption of oil is controlled so that practically all the oil impregnates the cell walls and virtually nothing remains in the cell cavities, whereby the oxygen in the air in the cell cavities &#8220;dry&#8221; the oil.<\/li><\/ul>\n\n\n\n<p>After the impregnation, the impregnation oil RLO1500 polymerizes inside the wood with the oxygen in the air in the cell cavities of the wood and forms <strong>Selder Modified Wood<\/strong>, a natural composite.<\/p>\n<\/div>\n\n<div style=\"height:20px\" aria-hidden=\"true\" class=\"wp-block-spacer\"><\/div>\n","protected":false},"excerpt":{"rendered":"<p>SELDER MODIFIED WOOD Selder &amp; Company AB&#8217;s chairman of the board and main shareholder Mikkel Selder developed in the 1990s the Mikkel Selder method for deep impregnation of wood with the linseed oil derivative he developed, today &#8220;Impregnation oil RLO1500&#8221;. Mikkel Selder The method involves sequences of different temperatures and pressures, through which the oil [&hellip;]<\/p>\n","protected":false},"author":7,"featured_media":5153,"parent":5919,"menu_order":0,"comment_status":"closed","ping_status":"closed","template":"","meta":{"_acf_changed":false,"_editorskit_title_hidden":false,"_editorskit_reading_time":0,"_editorskit_is_block_options_detached":false,"_editorskit_block_options_position":"{}","footnotes":""},"class_list":["post-5947","page","type-page","status-publish","has-post-thumbnail","hentry"],"acf":[],"yoast_head":"<!-- This site is optimized with the Yoast SEO plugin v27.5 - https:\/\/yoast.com\/product\/yoast-seo-wordpress\/ -->\n<title>Deep impregnated wood - Treat wood with Selder base oil - Read more<\/title>\n<meta name=\"description\" content=\"We have developed a unique method for deep impregnation of wood. The oil used is the derivative of linseed oil. Read more.\" \/>\n<meta name=\"robots\" content=\"index, follow, max-snippet:-1, max-image-preview:large, max-video-preview:-1\" \/>\n<link rel=\"canonical\" href=\"https:\/\/selder.com\/en\/products\/wood\/\" \/>\n<meta property=\"og:locale\" content=\"en_US\" \/>\n<meta property=\"og:type\" content=\"article\" \/>\n<meta property=\"og:title\" content=\"Deep impregnated wood - Treat wood with Selder base oil - Read more\" \/>\n<meta property=\"og:description\" content=\"We have developed a unique method for deep impregnation of wood. The oil used is the derivative of linseed oil. Read more.\" \/>\n<meta property=\"og:url\" content=\"https:\/\/selder.com\/en\/products\/wood\/\" \/>\n<meta property=\"og:site_name\" content=\"Selder och Company - Linolja\" \/>\n<meta property=\"article:modified_time\" content=\"2022-10-19T13:46:45+00:00\" \/>\n<meta property=\"og:image\" content=\"https:\/\/selder.com\/wp-content\/uploads\/2022\/09\/dorr-insmorjd-med-linolja.jpg\" \/>\n\t<meta property=\"og:image:width\" content=\"1100\" \/>\n\t<meta property=\"og:image:height\" content=\"733\" \/>\n\t<meta property=\"og:image:type\" content=\"image\/jpeg\" \/>\n<meta name=\"twitter:card\" content=\"summary_large_image\" \/>\n<meta name=\"twitter:label1\" content=\"Est. reading time\" \/>\n\t<meta name=\"twitter:data1\" content=\"2 minutes\" \/>\n<script type=\"application\/ld+json\" class=\"yoast-schema-graph\">{\"@context\":\"https:\\\/\\\/schema.org\",\"@graph\":[{\"@type\":\"WebPage\",\"@id\":\"https:\\\/\\\/selder.com\\\/en\\\/products\\\/wood\\\/\",\"url\":\"https:\\\/\\\/selder.com\\\/en\\\/products\\\/wood\\\/\",\"name\":\"Deep impregnated wood - Treat wood with Selder base oil - Read more\",\"isPartOf\":{\"@id\":\"https:\\\/\\\/selder.com\\\/en\\\/#website\"},\"primaryImageOfPage\":{\"@id\":\"https:\\\/\\\/selder.com\\\/en\\\/products\\\/wood\\\/#primaryimage\"},\"image\":{\"@id\":\"https:\\\/\\\/selder.com\\\/en\\\/products\\\/wood\\\/#primaryimage\"},\"thumbnailUrl\":\"https:\\\/\\\/selder.com\\\/wp-content\\\/uploads\\\/2022\\\/09\\\/dorr-insmorjd-med-linolja.jpg\",\"datePublished\":\"2022-09-15T09:22:33+00:00\",\"dateModified\":\"2022-10-19T13:46:45+00:00\",\"description\":\"We have developed a unique method for deep impregnation of wood. The oil used is the derivative of linseed oil. Read more.\",\"breadcrumb\":{\"@id\":\"https:\\\/\\\/selder.com\\\/en\\\/products\\\/wood\\\/#breadcrumb\"},\"inLanguage\":\"en-US\",\"potentialAction\":[{\"@type\":\"ReadAction\",\"target\":[\"https:\\\/\\\/selder.com\\\/en\\\/products\\\/wood\\\/\"]}]},{\"@type\":\"ImageObject\",\"inLanguage\":\"en-US\",\"@id\":\"https:\\\/\\\/selder.com\\\/en\\\/products\\\/wood\\\/#primaryimage\",\"url\":\"https:\\\/\\\/selder.com\\\/wp-content\\\/uploads\\\/2022\\\/09\\\/dorr-insmorjd-med-linolja.jpg\",\"contentUrl\":\"https:\\\/\\\/selder.com\\\/wp-content\\\/uploads\\\/2022\\\/09\\\/dorr-insmorjd-med-linolja.jpg\",\"width\":1100,\"height\":733,\"caption\":\"D\u00f6rr impregnerad med olja\"},{\"@type\":\"BreadcrumbList\",\"@id\":\"https:\\\/\\\/selder.com\\\/en\\\/products\\\/wood\\\/#breadcrumb\",\"itemListElement\":[{\"@type\":\"ListItem\",\"position\":1,\"name\":\"Products\",\"item\":\"https:\\\/\\\/selderco.com\\\/products\\\/\"},{\"@type\":\"ListItem\",\"position\":2,\"name\":\"Wood\"}]},{\"@type\":\"WebSite\",\"@id\":\"https:\\\/\\\/selder.com\\\/en\\\/#website\",\"url\":\"https:\\\/\\\/selder.com\\\/en\\\/\",\"name\":\"Selder och Company - Linolja\",\"description\":\"\",\"publisher\":{\"@id\":\"https:\\\/\\\/selder.com\\\/en\\\/#organization\"},\"potentialAction\":[{\"@type\":\"SearchAction\",\"target\":{\"@type\":\"EntryPoint\",\"urlTemplate\":\"https:\\\/\\\/selder.com\\\/en\\\/?s={search_term_string}\"},\"query-input\":{\"@type\":\"PropertyValueSpecification\",\"valueRequired\":true,\"valueName\":\"search_term_string\"}}],\"inLanguage\":\"en-US\"},{\"@type\":\"Organization\",\"@id\":\"https:\\\/\\\/selder.com\\\/en\\\/#organization\",\"name\":\"Selder & Co\",\"url\":\"https:\\\/\\\/selder.com\\\/en\\\/\",\"logo\":{\"@type\":\"ImageObject\",\"inLanguage\":\"en-US\",\"@id\":\"https:\\\/\\\/selder.com\\\/en\\\/#\\\/schema\\\/logo\\\/image\\\/\",\"url\":\"https:\\\/\\\/selder.weblidemo.se\\\/wp-content\\\/uploads\\\/2022\\\/09\\\/cropped-Logo_large.png\",\"contentUrl\":\"https:\\\/\\\/selder.weblidemo.se\\\/wp-content\\\/uploads\\\/2022\\\/09\\\/cropped-Logo_large.png\",\"width\":709,\"height\":709,\"caption\":\"Selder & Co\"},\"image\":{\"@id\":\"https:\\\/\\\/selder.com\\\/en\\\/#\\\/schema\\\/logo\\\/image\\\/\"}}]}<\/script>\n<!-- \/ Yoast SEO plugin. -->","yoast_head_json":{"title":"Deep impregnated wood - Treat wood with Selder base oil - Read more","description":"We have developed a unique method for deep impregnation of wood. The oil used is the derivative of linseed oil. Read more.","robots":{"index":"index","follow":"follow","max-snippet":"max-snippet:-1","max-image-preview":"max-image-preview:large","max-video-preview":"max-video-preview:-1"},"canonical":"https:\/\/selder.com\/en\/products\/wood\/","og_locale":"en_US","og_type":"article","og_title":"Deep impregnated wood - Treat wood with Selder base oil - Read more","og_description":"We have developed a unique method for deep impregnation of wood. The oil used is the derivative of linseed oil. Read more.","og_url":"https:\/\/selder.com\/en\/products\/wood\/","og_site_name":"Selder och Company - Linolja","article_modified_time":"2022-10-19T13:46:45+00:00","og_image":[{"width":1100,"height":733,"url":"https:\/\/selder.com\/wp-content\/uploads\/2022\/09\/dorr-insmorjd-med-linolja.jpg","type":"image\/jpeg"}],"twitter_card":"summary_large_image","twitter_misc":{"Est. reading time":"2 minutes"},"schema":{"@context":"https:\/\/schema.org","@graph":[{"@type":"WebPage","@id":"https:\/\/selder.com\/en\/products\/wood\/","url":"https:\/\/selder.com\/en\/products\/wood\/","name":"Deep impregnated wood - Treat wood with Selder base oil - Read more","isPartOf":{"@id":"https:\/\/selder.com\/en\/#website"},"primaryImageOfPage":{"@id":"https:\/\/selder.com\/en\/products\/wood\/#primaryimage"},"image":{"@id":"https:\/\/selder.com\/en\/products\/wood\/#primaryimage"},"thumbnailUrl":"https:\/\/selder.com\/wp-content\/uploads\/2022\/09\/dorr-insmorjd-med-linolja.jpg","datePublished":"2022-09-15T09:22:33+00:00","dateModified":"2022-10-19T13:46:45+00:00","description":"We have developed a unique method for deep impregnation of wood. The oil used is the derivative of linseed oil. Read more.","breadcrumb":{"@id":"https:\/\/selder.com\/en\/products\/wood\/#breadcrumb"},"inLanguage":"en-US","potentialAction":[{"@type":"ReadAction","target":["https:\/\/selder.com\/en\/products\/wood\/"]}]},{"@type":"ImageObject","inLanguage":"en-US","@id":"https:\/\/selder.com\/en\/products\/wood\/#primaryimage","url":"https:\/\/selder.com\/wp-content\/uploads\/2022\/09\/dorr-insmorjd-med-linolja.jpg","contentUrl":"https:\/\/selder.com\/wp-content\/uploads\/2022\/09\/dorr-insmorjd-med-linolja.jpg","width":1100,"height":733,"caption":"D\u00f6rr impregnerad med olja"},{"@type":"BreadcrumbList","@id":"https:\/\/selder.com\/en\/products\/wood\/#breadcrumb","itemListElement":[{"@type":"ListItem","position":1,"name":"Products","item":"https:\/\/selderco.com\/products\/"},{"@type":"ListItem","position":2,"name":"Wood"}]},{"@type":"WebSite","@id":"https:\/\/selder.com\/en\/#website","url":"https:\/\/selder.com\/en\/","name":"Selder och Company - Linolja","description":"","publisher":{"@id":"https:\/\/selder.com\/en\/#organization"},"potentialAction":[{"@type":"SearchAction","target":{"@type":"EntryPoint","urlTemplate":"https:\/\/selder.com\/en\/?s={search_term_string}"},"query-input":{"@type":"PropertyValueSpecification","valueRequired":true,"valueName":"search_term_string"}}],"inLanguage":"en-US"},{"@type":"Organization","@id":"https:\/\/selder.com\/en\/#organization","name":"Selder & Co","url":"https:\/\/selder.com\/en\/","logo":{"@type":"ImageObject","inLanguage":"en-US","@id":"https:\/\/selder.com\/en\/#\/schema\/logo\/image\/","url":"https:\/\/selder.weblidemo.se\/wp-content\/uploads\/2022\/09\/cropped-Logo_large.png","contentUrl":"https:\/\/selder.weblidemo.se\/wp-content\/uploads\/2022\/09\/cropped-Logo_large.png","width":709,"height":709,"caption":"Selder & Co"},"image":{"@id":"https:\/\/selder.com\/en\/#\/schema\/logo\/image\/"}}]}},"_links":{"self":[{"href":"https:\/\/selder.com\/en\/wp-json\/wp\/v2\/pages\/5947","targetHints":{"allow":["GET"]}}],"collection":[{"href":"https:\/\/selder.com\/en\/wp-json\/wp\/v2\/pages"}],"about":[{"href":"https:\/\/selder.com\/en\/wp-json\/wp\/v2\/types\/page"}],"author":[{"embeddable":true,"href":"https:\/\/selder.com\/en\/wp-json\/wp\/v2\/users\/7"}],"replies":[{"embeddable":true,"href":"https:\/\/selder.com\/en\/wp-json\/wp\/v2\/comments?post=5947"}],"version-history":[{"count":0,"href":"https:\/\/selder.com\/en\/wp-json\/wp\/v2\/pages\/5947\/revisions"}],"up":[{"embeddable":true,"href":"https:\/\/selder.com\/en\/wp-json\/wp\/v2\/pages\/5919"}],"wp:featuredmedia":[{"embeddable":true,"href":"https:\/\/selder.com\/en\/wp-json\/wp\/v2\/media\/5153"}],"wp:attachment":[{"href":"https:\/\/selder.com\/en\/wp-json\/wp\/v2\/media?parent=5947"}],"curies":[{"name":"wp","href":"https:\/\/api.w.org\/{rel}","templated":true}]}}